{"id":172,"date":"2025-10-22T14:18:18","date_gmt":"2025-10-22T14:18:18","guid":{"rendered":"https:\/\/www.4kidstravel.be\/?page_id=172"},"modified":"2025-12-05T16:38:34","modified_gmt":"2025-12-05T16:38:34","slug":"home","status":"publish","type":"page","link":"https:\/\/www.4kidstravel.be\/nl\/","title":{"rendered":"Accueil"},"content":{"rendered":"<div data-elementor-type=\"wp-page\" data-elementor-id=\"172\" class=\"elementor elementor-172\" data-elementor-post-type=\"page\">\n\t\t\t\t<div class=\"elementor-element elementor-element-5007bf4 e-flex e-con-boxed e-con e-parent\" data-id=\"5007bf4\" data-element_type=\"container\" data-e-type=\"container\" data-settings=\"{&quot;background_background&quot;:&quot;classic&quot;}\">\n\t\t\t\t\t<div class=\"e-con-inner\">\n\t\t\t\t<div class=\"elementor-element elementor-element-cc1d012 elementor-widget elementor-widget-spacer\" data-id=\"cc1d012\" data-element_type=\"widget\" data-e-type=\"widget\" data-widget_type=\"spacer.default\">\n\t\t\t\t\t\t\t<div class=\"elementor-spacer\">\n\t\t\t<div class=\"elementor-spacer-inner\"><\/div>\n\t\t<\/div>\n\t\t\t\t\t\t<\/div>\n\t\t<div class=\"elementor-element elementor-element-989a254 e-con-full e-flex e-con e-child\" data-id=\"989a254\" data-element_type=\"container\" data-e-type=\"container\" data-settings=\"{&quot;background_background&quot;:&quot;classic&quot;}\">\n\t\t\t\t<div class=\"elementor-element elementor-element-4b57af4 elementor-widget elementor-widget-heading\" data-id=\"4b57af4\" data-element_type=\"widget\" data-e-type=\"widget\" data-widget_type=\"heading.default\">\n\t\t\t\t\t<h1 class=\"elementor-heading-title elementor-size-default\">Gezinsvakanties<\/h1>\t\t\t\t<\/div>\n\t\t\t\t<div class=\"elementor-element elementor-element-d7dca60 animated-slow elementor-invisible elementor-widget elementor-widget-heading\" data-id=\"d7dca60\" data-element_type=\"widget\" data-e-type=\"widget\" data-settings=\"{&quot;_animation&quot;:&quot;fadeInLeft&quot;}\" data-widget_type=\"heading.default\">\n\t\t\t\t\t<h1 class=\"elementor-heading-title elementor-size-default\">39 bestemmingen<\/h1>\t\t\t\t<\/div>\n\t\t\t\t<div class=\"elementor-element elementor-element-de0d08d elementor-widget elementor-widget-heading\" data-id=\"de0d08d\" data-element_type=\"widget\" data-e-type=\"widget\" data-widget_type=\"heading.default\">\n\t\t\t\t\t<h1 class=\"elementor-heading-title elementor-size-default\">Europa - Afrika - Azi\u00eb - Cara\u00efben - Amerika<\/h1>\t\t\t\t<\/div>\n\t\t\t\t<\/div>\n\t\t\t\t\t<\/div>\n\t\t\t\t<\/div>\n\t\t<div class=\"elementor-element elementor-element-551a4aa animated-slow e-flex e-con-boxed elementor-invisible e-con e-parent\" data-id=\"551a4aa\" data-element_type=\"container\" data-e-type=\"container\" data-settings=\"{&quot;animation&quot;:&quot;fadeInUp&quot;}\">\n\t\t\t\t\t<div class=\"e-con-inner\">\n\t\t<div class=\"elementor-element elementor-element-2df72f8 e-con-full e-flex e-con e-child\" data-id=\"2df72f8\" data-element_type=\"container\" data-e-type=\"container\" data-settings=\"{&quot;background_background&quot;:&quot;classic&quot;}\">\n\t\t\t\t<div class=\"elementor-element elementor-element-7317f7d elementor-widget elementor-widget-text-editor\" data-id=\"7317f7d\" data-element_type=\"widget\" data-e-type=\"widget\" data-widget_type=\"text-editor.default\">\n\t\t\t\t\t\t\t\t\t<p>4KIDS TRAVEL is ontstaan uit de samenwerking tussen vier bekende Belgische touroperators: Imagine Travel, Wings 'n Wheels, Sudamerica Tours en Caribiana Tours. We bundelden onze respectieve knowhow en onze gezamenlijke passie voor reizen en cre\u00eberden een collectie avonturen op maat, speciaal voor gezinnen, op alle continenten. Een unieke samenwerking waarmee je zeker bent van een verregaande expertise en onvergetelijke herinneringen.<\/p>\t\t\t\t\t\t\t\t<\/div>\n\t\t\t\t<\/div>\n\t\t\t\t\t<\/div>\n\t\t\t\t<\/div>\n\t\t<div class=\"elementor-element elementor-element-0c1a1fc animated-slow e-flex e-con-boxed elementor-invisible e-con e-parent\" data-id=\"0c1a1fc\" data-element_type=\"container\" data-e-type=\"container\" data-settings=\"{&quot;animation&quot;:&quot;fadeInLeft&quot;}\">\n\t\t\t\t\t<div class=\"e-con-inner\">\n\t\t<div class=\"elementor-element elementor-element-ba47110 e-con-full e-flex e-con e-child\" data-id=\"ba47110\" data-element_type=\"container\" data-e-type=\"container\">\n\t\t\t\t<div class=\"elementor-element elementor-element-731c678 elementor-widget elementor-widget-image\" data-id=\"731c678\" data-element_type=\"widget\" data-e-type=\"widget\" data-widget_type=\"image.default\">\n\t\t\t\t\t\t\t\t\t\t\t\t\t\t\t<img decoding=\"async\" src=\"https:\/\/www.4kidstravel.be\/wp-content\/uploads\/elementor\/thumbs\/LOGO-IMAGINE-scaled-rcwnkl51px7tsofzxtdhe2z1zdblk357oviamg23fs.jpg\" title=\"LOGO IMAGINE\" alt=\"Imagine Travel Logo\" loading=\"lazy\" \/>\t\t\t\t\t\t\t\t\t\t\t\t\t\t\t<\/div>\n\t\t\t\t<\/div>\n\t\t<div class=\"elementor-element elementor-element-5aacebd e-con-full e-flex e-con e-child\" data-id=\"5aacebd\" data-element_type=\"container\" data-e-type=\"container\">\n\t\t\t\t<div class=\"elementor-element elementor-element-3003060 elementor-widget elementor-widget-image\" data-id=\"3003060\" data-element_type=\"widget\" data-e-type=\"widget\" data-widget_type=\"image.default\">\n\t\t\t\t\t\t\t\t\t\t\t\t\t\t\t<img decoding=\"async\" src=\"https:\/\/www.4kidstravel.be\/wp-content\/uploads\/elementor\/thumbs\/LOGO-SUDAMERICA-TOURS-scaled-rcwnl7p69y2pjbj8a34j1xa48m8eotmrrz5y534nag.jpg\" title=\"LOGO SUDAMERICA TOURS\" alt=\"Sudamerica Tours Logo\" loading=\"lazy\" \/>\t\t\t\t\t\t\t\t\t\t\t\t\t\t\t<\/div>\n\t\t\t\t<\/div>\n\t\t<div class=\"elementor-element elementor-element-d0064e6 e-con-full e-flex e-con e-child\" data-id=\"d0064e6\" data-element_type=\"container\" data-e-type=\"container\">\n\t\t\t\t<div class=\"elementor-element elementor-element-f77af6c elementor-widget elementor-widget-image\" data-id=\"f77af6c\" data-element_type=\"widget\" data-e-type=\"widget\" data-widget_type=\"image.default\">\n\t\t\t\t\t\t\t\t\t\t\t\t\t\t\t<img decoding=\"async\" src=\"https:\/\/www.4kidstravel.be\/wp-content\/uploads\/elementor\/thumbs\/LOGO-WNW-scaled-rcwnmhr9kttrc7obt518y3npchxe5zpmab4qnn8ctk.jpg\" title=\"LOGO WNW\" alt=\"Wings &#039;n Wheels Logo\" loading=\"lazy\" \/>\t\t\t\t\t\t\t\t\t\t\t\t\t\t\t<\/div>\n\t\t\t\t<\/div>\n\t\t<div class=\"elementor-element elementor-element-497ea58 e-con-full e-flex e-con e-child\" data-id=\"497ea58\" data-element_type=\"container\" data-e-type=\"container\">\n\t\t\t\t<div class=\"elementor-element elementor-element-d0949c1 elementor-widget elementor-widget-image\" data-id=\"d0949c1\" data-element_type=\"widget\" data-e-type=\"widget\" data-widget_type=\"image.default\">\n\t\t\t\t\t\t\t\t\t\t\t\t\t\t\t<img decoding=\"async\" src=\"https:\/\/www.4kidstravel.be\/wp-content\/uploads\/elementor\/thumbs\/LOGO-CARIBIANA-TOURS-scaled-rcwnlv750syvlkl3gva7a9cn390l198277h3505syw.jpg\" title=\"LOGO CARIBIANA TOURS\" alt=\"Caribiana Tours Logo\" loading=\"lazy\" \/>\t\t\t\t\t\t\t\t\t\t\t\t\t\t\t<\/div>\n\t\t\t\t<\/div>\n\t\t\t\t\t<\/div>\n\t\t\t\t<\/div>\n\t\t<div class=\"elementor-element elementor-element-c1d8898 e-flex e-con-boxed e-con e-parent\" data-id=\"c1d8898\" data-element_type=\"container\" data-e-type=\"container\">\n\t\t\t\t\t<div class=\"e-con-inner\">\n\t\t<div class=\"elementor-element elementor-element-dd175a9 e-con-full e-flex e-con e-child\" data-id=\"dd175a9\" data-element_type=\"container\" data-e-type=\"container\" data-settings=\"{&quot;background_background&quot;:&quot;classic&quot;}\">\n\t\t\t\t<div class=\"elementor-element elementor-element-663638d elementor-widget elementor-widget-spacer\" data-id=\"663638d\" data-element_type=\"widget\" data-e-type=\"widget\" data-widget_type=\"spacer.default\">\n\t\t\t\t\t\t\t<div class=\"elementor-spacer\">\n\t\t\t<div class=\"elementor-spacer-inner\"><\/div>\n\t\t<\/div>\n\t\t\t\t\t\t<\/div>\n\t\t\t\t<div class=\"elementor-element elementor-element-9927507 elementor-widget elementor-widget-heading\" data-id=\"9927507\" data-element_type=\"widget\" data-e-type=\"widget\" data-widget_type=\"heading.default\">\n\t\t\t\t\t<h2 class=\"elementor-heading-title elementor-size-default\">Samen sleutelen we aan \nde reis die past bij je gezin\n<\/h2>\t\t\t\t<\/div>\n\t\t\t\t<\/div>\n\t\t\t\t\t<\/div>\n\t\t\t\t<\/div>\n\t\t<div class=\"elementor-element elementor-element-afa4e80 e-flex e-con-boxed e-con e-parent\" data-id=\"afa4e80\" data-element_type=\"container\" data-e-type=\"container\">\n\t\t\t\t\t<div class=\"e-con-inner\">\n\t\t\t\t<div class=\"elementor-element elementor-element-835a303 elementor-widget elementor-widget-text-editor\" data-id=\"835a303\" data-element_type=\"widget\" data-e-type=\"widget\" data-widget_type=\"text-editor.default\">\n\t\t\t\t\t\t\t\t\t<p>De mooiste herinneringen met je familie maak je in de vier hoeken van de wereld, daar zijn wij van overtuigd. Daarom organiseren wij unieke reizen waarin iedereen, klein en groot, zijn gading vindt. Onze filosofie is heel eenvoudig: elk gezin is anders, dus moet elke reis dat ook zijn.<\/p>\t\t\t\t\t\t\t\t<\/div>\n\t\t\t\t\t<\/div>\n\t\t\t\t<\/div>\n\t\t<div class=\"elementor-element elementor-element-6002f96 e-flex e-con-boxed e-con e-parent\" data-id=\"6002f96\" data-element_type=\"container\" data-e-type=\"container\">\n\t\t\t\t\t<div class=\"e-con-inner\">\n\t\t<div class=\"elementor-element elementor-element-3db2bed e-con-full e-flex e-con e-child\" data-id=\"3db2bed\" data-element_type=\"container\" data-e-type=\"container\" data-settings=\"{&quot;background_background&quot;:&quot;classic&quot;}\">\n\t\t\t\t<div class=\"elementor-element elementor-element-4960ac2 elementor-widget elementor-widget-spacer\" data-id=\"4960ac2\" data-element_type=\"widget\" data-e-type=\"widget\" data-widget_type=\"spacer.default\">\n\t\t\t\t\t\t\t<div class=\"elementor-spacer\">\n\t\t\t<div class=\"elementor-spacer-inner\"><\/div>\n\t\t<\/div>\n\t\t\t\t\t\t<\/div>\n\t\t\t\t<div class=\"elementor-element elementor-element-fbe58d1 elementor-widget elementor-widget-heading\" data-id=\"fbe58d1\" data-element_type=\"widget\" data-e-type=\"widget\" data-widget_type=\"heading.default\">\n\t\t\t\t\t<h2 class=\"elementor-heading-title elementor-size-default\">Avonturen voor elke leeftijd\n\n<\/h2>\t\t\t\t<\/div>\n\t\t\t\t<\/div>\n\t\t\t\t\t<\/div>\n\t\t\t\t<\/div>\n\t\t<div class=\"elementor-element elementor-element-791d80c e-flex e-con-boxed e-con e-parent\" data-id=\"791d80c\" data-element_type=\"container\" data-e-type=\"container\">\n\t\t\t\t\t<div class=\"e-con-inner\">\n\t\t\t\t<div class=\"elementor-element elementor-element-736c958 elementor-widget elementor-widget-text-editor\" data-id=\"736c958\" data-element_type=\"widget\" data-e-type=\"widget\" data-widget_type=\"text-editor.default\">\n\t\t\t\t\t\t\t\t\t<p>Een gezinsreis moet verlopen op het ritme van elk gezinslid en aansluiten bij ieders interesses. Daarom passen wij onze programma\u2019s aan aan de leeftijd van je kinderen. Een kind van 4 jaar krijgt niet dezelfde activiteiten op het programma als een adolescent van 17 jaar.<\/p>\t\t\t\t\t\t\t\t<\/div>\n\t\t\t\t\t<\/div>\n\t\t\t\t<\/div>\n\t\t<div class=\"elementor-element elementor-element-2ffd880 e-flex e-con-boxed e-con e-parent\" data-id=\"2ffd880\" data-element_type=\"container\" data-e-type=\"container\">\n\t\t\t\t\t<div class=\"e-con-inner\">\n\t\t<div class=\"elementor-element elementor-element-ee4a35c e-grid e-con-full e-con e-child\" data-id=\"ee4a35c\" data-element_type=\"container\" data-e-type=\"container\">\n\t\t\t\t<div class=\"elementor-element elementor-element-39ba762 elementor-widget elementor-widget-image\" data-id=\"39ba762\" data-element_type=\"widget\" data-e-type=\"widget\" data-widget_type=\"image.default\">\n\t\t\t\t\t\t\t\t\t\t\t\t\t\t\t<img decoding=\"async\" src=\"https:\/\/www.4kidstravel.be\/wp-content\/uploads\/elementor\/thumbs\/4kidstravel-photos-1-scaled-rcwsoi89emk6hmxtn3rn89xo9a09clqbg19ydv1whw.jpg\" title=\"4kidstravel\" alt=\"4kidstravel\" loading=\"lazy\" \/>\t\t\t\t\t\t\t\t\t\t\t\t\t\t\t<\/div>\n\t\t\t\t<div class=\"elementor-element elementor-element-a4557c5 elementor-widget elementor-widget-image\" data-id=\"a4557c5\" data-element_type=\"widget\" data-e-type=\"widget\" data-widget_type=\"image.default\">\n\t\t\t\t\t\t\t\t\t\t\t\t\t\t\t<img decoding=\"async\" src=\"https:\/\/www.4kidstravel.be\/wp-content\/uploads\/elementor\/thumbs\/4kidstravel-photos-11-rcwssjx8ty3mh7270cqtgr64c025hospo2e7rr1vpg.jpg\" title=\"4kidstravel\" alt=\"4kidstravel\" loading=\"lazy\" \/>\t\t\t\t\t\t\t\t\t\t\t\t\t\t\t<\/div>\n\t\t\t\t<div class=\"elementor-element elementor-element-2151c48 elementor-widget elementor-widget-image\" data-id=\"2151c48\" data-element_type=\"widget\" data-e-type=\"widget\" data-widget_type=\"image.default\">\n\t\t\t\t\t\t\t\t\t\t\t\t\t\t\t<img decoding=\"async\" src=\"https:\/\/www.4kidstravel.be\/wp-content\/uploads\/elementor\/thumbs\/4kidstravel-photos-8-scaled-rcwsrn0w6qul6udzcgivjhgzjikb0a63vjk7z2enr8.jpg\" title=\"4kidstravel\" alt=\"4kidstravel\" loading=\"lazy\" \/>\t\t\t\t\t\t\t\t\t\t\t\t\t\t\t<\/div>\n\t\t\t\t<\/div>\n\t\t\t\t\t<\/div>\n\t\t\t\t<\/div>\n\t\t<div class=\"elementor-element elementor-element-1d89efd e-flex e-con-boxed e-con e-parent\" data-id=\"1d89efd\" data-element_type=\"container\" data-e-type=\"container\">\n\t\t\t\t\t<div class=\"e-con-inner\">\n\t\t\t\t<div class=\"elementor-element elementor-element-df2248a elementor-widget elementor-widget-image\" data-id=\"df2248a\" data-element_type=\"widget\" data-e-type=\"widget\" data-widget_type=\"image.default\">\n\t\t\t\t\t\t\t\t\t\t\t\t\t\t\t<img fetchpriority=\"high\" decoding=\"async\" width=\"800\" height=\"386\" src=\"https:\/\/www.4kidstravel.be\/wp-content\/uploads\/2025\/11\/map-4kidstravel-nl-scaled.jpg\" class=\"attachment-large size-large wp-image-979\" alt=\"\" srcset=\"https:\/\/www.4kidstravel.be\/wp-content\/uploads\/2025\/11\/map-4kidstravel-nl-scaled.jpg 2560w, https:\/\/www.4kidstravel.be\/wp-content\/uploads\/2025\/11\/map-4kidstravel-nl-300x143.jpg 300w, https:\/\/www.4kidstravel.be\/wp-content\/uploads\/2025\/11\/map-4kidstravel-nl-1024x488.jpg 1024w, https:\/\/www.4kidstravel.be\/wp-content\/uploads\/2025\/11\/map-4kidstravel-nl-768x366.jpg 768w, https:\/\/www.4kidstravel.be\/wp-content\/uploads\/2025\/11\/map-4kidstravel-nl-1536x731.jpg 1536w, https:\/\/www.4kidstravel.be\/wp-content\/uploads\/2025\/11\/map-4kidstravel-nl-2048x975.jpg 2048w, https:\/\/www.4kidstravel.be\/wp-content\/uploads\/2025\/11\/map-4kidstravel-nl-18x9.jpg 18w\" sizes=\"(max-width: 800px) 100vw, 800px\" \/>\t\t\t\t\t\t\t\t\t\t\t\t\t\t\t<\/div>\n\t\t\t\t\t<\/div>\n\t\t\t\t<\/div>\n\t\t<div class=\"elementor-element elementor-element-bd7072f e-flex e-con-boxed e-con e-parent\" data-id=\"bd7072f\" data-element_type=\"container\" data-e-type=\"container\">\n\t\t\t\t\t<div class=\"e-con-inner\">\n\t\t<div class=\"elementor-element elementor-element-41f23b0 e-grid e-con-full e-con e-child\" data-id=\"41f23b0\" data-element_type=\"container\" data-e-type=\"container\">\n\t\t\t\t<div class=\"elementor-element elementor-element-55507d8 elementor-widget elementor-widget-image\" data-id=\"55507d8\" data-element_type=\"widget\" data-e-type=\"widget\" data-widget_type=\"image.default\">\n\t\t\t\t\t\t\t\t\t\t\t\t\t\t\t<img decoding=\"async\" src=\"https:\/\/www.4kidstravel.be\/wp-content\/uploads\/elementor\/thumbs\/4kidstravel-photos-24-scaled-rcws8aihiid47shpblgbpv8fczxbkkd07s5fd13dtw.jpg\" title=\"4kidstravel\" alt=\"4kidstravel\" loading=\"lazy\" \/>\t\t\t\t\t\t\t\t\t\t\t\t\t\t\t<\/div>\n\t\t\t\t<div class=\"elementor-element elementor-element-ec596df elementor-widget elementor-widget-image\" data-id=\"ec596df\" data-element_type=\"widget\" data-e-type=\"widget\" data-widget_type=\"image.default\">\n\t\t\t\t\t\t\t\t\t\t\t\t\t\t\t<img decoding=\"async\" src=\"https:\/\/www.4kidstravel.be\/wp-content\/uploads\/elementor\/thumbs\/4kidstravel-photos-63-scaled-rcwsmu2l989tuld7edrisp468m8rnz3hvrivo5j3k4.jpg\" title=\"4kidstravel\" alt=\"4kidstravel\" loading=\"lazy\" \/>\t\t\t\t\t\t\t\t\t\t\t\t\t\t\t<\/div>\n\t\t\t\t<div class=\"elementor-element elementor-element-b438c3a elementor-widget elementor-widget-image\" data-id=\"b438c3a\" data-element_type=\"widget\" data-e-type=\"widget\" data-widget_type=\"image.default\">\n\t\t\t\t\t\t\t\t\t\t\t\t\t\t\t<img decoding=\"async\" src=\"https:\/\/www.4kidstravel.be\/wp-content\/uploads\/elementor\/thumbs\/4kidstravel-photos-18-scaled-rcws62m7dlbqsxpra4x1bxe8v8v4eajtksp5kiduis.jpg\" title=\"4kidstravel\" alt=\"4kidstravel\" loading=\"lazy\" \/>\t\t\t\t\t\t\t\t\t\t\t\t\t\t\t<\/div>\n\t\t\t\t<\/div>\n\t\t\t\t\t<\/div>\n\t\t\t\t<\/div>\n\t\t<div class=\"elementor-element elementor-element-aae3aed animated-slow e-flex e-con-boxed elementor-invisible e-con e-parent\" data-id=\"aae3aed\" data-element_type=\"container\" data-e-type=\"container\" data-settings=\"{&quot;animation&quot;:&quot;fadeInDown&quot;}\">\n\t\t\t\t\t<div class=\"e-con-inner\">\n\t\t<div class=\"elementor-element elementor-element-1ff05f4 e-con-full e-flex e-con e-child\" data-id=\"1ff05f4\" data-element_type=\"container\" data-e-type=\"container\">\n\t\t\t\t<div class=\"elementor-element elementor-element-61c9e3a elementor-widget elementor-widget-image\" data-id=\"61c9e3a\" data-element_type=\"widget\" data-e-type=\"widget\" data-widget_type=\"image.default\">\n\t\t\t\t\t\t\t\t\t\t\t\t\t\t\t<img decoding=\"async\" src=\"https:\/\/www.4kidstravel.be\/wp-content\/uploads\/elementor\/thumbs\/4kidstravel-photos-64-scaled-rcwsn86az60uqu4nxyp7nackn7qhz2fhk2w9k9phqo.jpg\" title=\"4kidstravel\" alt=\"4kidstravel\" loading=\"lazy\" \/>\t\t\t\t\t\t\t\t\t\t\t\t\t\t\t<\/div>\n\t\t\t\t<\/div>\n\t\t<div class=\"elementor-element elementor-element-c9f7636 e-con-full e-flex e-con e-child\" data-id=\"c9f7636\" data-element_type=\"container\" data-e-type=\"container\" data-settings=\"{&quot;background_background&quot;:&quot;classic&quot;}\">\n\t\t\t\t<div class=\"elementor-element elementor-element-97a12a7 elementor-widget elementor-widget-heading\" data-id=\"97a12a7\" data-element_type=\"widget\" data-e-type=\"widget\" data-widget_type=\"heading.default\">\n\t\t\t\t\t<h2 class=\"elementor-heading-title elementor-size-default\">Van 3 tot 17 jaar\n<\/h2>\t\t\t\t<\/div>\n\t\t\t\t<div class=\"elementor-element elementor-element-4d63ee8 elementor-widget elementor-widget-text-editor\" data-id=\"4d63ee8\" data-element_type=\"widget\" data-e-type=\"widget\" data-widget_type=\"text-editor.default\">\n\t\t\t\t\t\t\t\t\t<p>Voor de allerkleinsten (3-5 jaar) zoeken we bestemmingen met aangepaste voorzieningen, ludieke activiteiten en wat rustigere uurtjes om hun ritme niet te verstoren. Wat dacht je van een schattenjacht op het strand, ezeltochtjes of een ontdekkingstocht tussen de dieren?<\/p><p>Voor kinderen (6-12 jaar) organiseren we verkenningstochten waarop ze spelenderwijs nieuwe dingen leren. We wekken hun nieuwsgierigheid op met een bezoek aan een dierenpark, initiaties van veilige sportactiviteiten zoals kajakken of culturele workshops die hen laten kennismaken met de plaatselijke tradities.<\/p><p>Voor adolescenten (13-17 jaar), mag het allemaal wat avontuurlijker zijn. Hen bieden we intensere belevingen en activiteiten waarmee ze zichzelf kunnen overstijgen: safari naar de \"Big Five\", trektochten in spectaculaire landschappen, surflessen of verkenningstochten op historische plaatsen die hun favoriete films hebben ge\u00efnspireerd.<\/p>\t\t\t\t\t\t\t\t<\/div>\n\t\t\t\t<\/div>\n\t\t\t\t\t<\/div>\n\t\t\t\t<\/div>\n\t\t<div class=\"elementor-element elementor-element-e8d991c animated-slow e-flex e-con-boxed elementor-invisible e-con e-parent\" data-id=\"e8d991c\" data-element_type=\"container\" data-e-type=\"container\" data-settings=\"{&quot;animation&quot;:&quot;fadeInDown&quot;}\">\n\t\t\t\t\t<div class=\"e-con-inner\">\n\t\t<div class=\"elementor-element elementor-element-8153251 e-con-full e-flex e-con e-child\" data-id=\"8153251\" data-element_type=\"container\" data-e-type=\"container\">\n\t\t\t\t<div class=\"elementor-element elementor-element-bf784da elementor-widget elementor-widget-image\" data-id=\"bf784da\" data-element_type=\"widget\" data-e-type=\"widget\" data-widget_type=\"image.default\">\n\t\t\t\t\t\t\t\t\t\t\t\t\t\t\t<img decoding=\"async\" src=\"https:\/\/www.4kidstravel.be\/wp-content\/uploads\/elementor\/thumbs\/4kidstravel-photos-2-scaled-rcwsove4xq9x29qnc6apidem2hmmfzyks7zusp9ouo.jpg\" title=\"4kidstravel\" alt=\"4kidstravel\" loading=\"lazy\" \/>\t\t\t\t\t\t\t\t\t\t\t\t\t\t\t<\/div>\n\t\t\t\t<\/div>\n\t\t<div class=\"elementor-element elementor-element-2a6af82 e-con-full e-flex e-con e-child\" data-id=\"2a6af82\" data-element_type=\"container\" data-e-type=\"container\" data-settings=\"{&quot;background_background&quot;:&quot;classic&quot;}\">\n\t\t\t\t<div class=\"elementor-element elementor-element-276b669 elementor-widget elementor-widget-heading\" data-id=\"276b669\" data-element_type=\"widget\" data-e-type=\"widget\" data-widget_type=\"heading.default\">\n\t\t\t\t\t<h2 class=\"elementor-heading-title elementor-size-default\">Avonturen voor het hele gezin\n<\/h2>\t\t\t\t<\/div>\n\t\t\t\t<div class=\"elementor-element elementor-element-59bd639 elementor-widget elementor-widget-text-editor\" data-id=\"59bd639\" data-element_type=\"widget\" data-e-type=\"widget\" data-widget_type=\"text-editor.default\">\n\t\t\t\t\t\t\t\t\t<p>Een geslaagde reis is er een waar je onvergetelijke herinneringen aan overhoudt. En dus organiseren wij dagen waar je nog lang met plezier aan zult terugdenken. Met 4Kids Travel neemt het avontuur vele vormen aan:<\/p><ul><li>Maak een \u2018deathride\u2019 boven watervallen en stap over hangbruggen.<\/li><li>Duik in het kristalheldere water van een cenote of trek op verkenning in een marien reservaat.<\/li><li>Dans op het ritme van lokale culturen, leer djemb\u00e9 spelen of ontdek de geheimen van de lokale keuken.<\/li><li>Maak een ontdekkingstocht door de fauna: observeer walvissen of ga op zoek naar de dieren van de wildernis.<\/li><li>Verken steden eens op een andere manier dankzij boeiende speurtochten voor het hele gezin.<\/li><li>Laat je vlieger op boven de Chinese Muur.<\/li><\/ul><p>En dat zijn slechts enkele voorbeelden. Samen mixen we een cocktail van activiteiten die van je reis een uniek avontuur maken.<\/p>\t\t\t\t\t\t\t\t<\/div>\n\t\t\t\t<\/div>\n\t\t\t\t\t<\/div>\n\t\t\t\t<\/div>\n\t\t\t\t<\/div>","protected":false},"excerpt":{"rendered":"<p>Vacances en famille 39 destinations Europe &#8211; Afrique &#8211; Asie &#8211; Cara\u00efbes &#8211; Am\u00e9riques 4KIDS TRAVEL est n\u00e9 de l&rsquo;alliance de quatre Tours Op\u00e9rateurs belges de renom : Imagine Travel, Wings &lsquo;n Wheels, Sudamerica Tours et Caribiana Tours. En unissant nos savoir-faire respectifs et notre passion commune du voyage, nous avons cr\u00e9\u00e9 une collection d\u2019aventures [&hellip;]<\/p>\n","protected":false},"author":1,"featured_media":0,"parent":0,"menu_order":0,"comment_status":"closed","ping_status":"closed","template":"elementor_header_footer","meta":{"footnotes":""},"class_list":["post-172","page","type-page","status-publish","hentry"],"_links":{"self":[{"href":"https:\/\/www.4kidstravel.be\/nl\/wp-json\/wp\/v2\/pages\/172","targetHints":{"allow":["GET"]}}],"collection":[{"href":"https:\/\/www.4kidstravel.be\/nl\/wp-json\/wp\/v2\/pages"}],"about":[{"href":"https:\/\/www.4kidstravel.be\/nl\/wp-json\/wp\/v2\/types\/page"}],"author":[{"embeddable":true,"href":"https:\/\/www.4kidstravel.be\/nl\/wp-json\/wp\/v2\/users\/1"}],"replies":[{"embeddable":true,"href":"https:\/\/www.4kidstravel.be\/nl\/wp-json\/wp\/v2\/comments?post=172"}],"version-history":[{"count":175,"href":"https:\/\/www.4kidstravel.be\/nl\/wp-json\/wp\/v2\/pages\/172\/revisions"}],"predecessor-version":[{"id":1319,"href":"https:\/\/www.4kidstravel.be\/nl\/wp-json\/wp\/v2\/pages\/172\/revisions\/1319"}],"wp:attachment":[{"href":"https:\/\/www.4kidstravel.be\/nl\/wp-json\/wp\/v2\/media?parent=172"}],"curies":[{"name":"wp","href":"https:\/\/api.w.org\/{rel}","templated":true}]}}