{"id":260,"date":"2025-11-04T13:16:56","date_gmt":"2025-11-04T13:16:56","guid":{"rendered":"https:\/\/www.4kidstravel.be\/?page_id=260"},"modified":"2025-12-05T15:49:02","modified_gmt":"2025-12-05T15:49:02","slug":"noord-amerika","status":"publish","type":"page","link":"https:\/\/www.4kidstravel.be\/nl\/amerique-du-nord\/","title":{"rendered":"Am\u00e9rrique du nord"},"content":{"rendered":"<div data-elementor-type=\"wp-page\" data-elementor-id=\"260\" class=\"elementor elementor-260\" data-elementor-post-type=\"page\">\n\t\t\t\t<div class=\"elementor-element elementor-element-3ace306a e-flex e-con-boxed e-con e-parent\" data-id=\"3ace306a\" data-element_type=\"container\" data-e-type=\"container\" data-settings=\"{&quot;background_background&quot;:&quot;classic&quot;}\">\n\t\t\t\t\t<div class=\"e-con-inner\">\n\t\t\t\t<div class=\"elementor-element elementor-element-1e84d443 elementor-widget elementor-widget-spacer\" data-id=\"1e84d443\" data-element_type=\"widget\" data-e-type=\"widget\" data-widget_type=\"spacer.default\">\n\t\t\t\t\t\t\t<div class=\"elementor-spacer\">\n\t\t\t<div class=\"elementor-spacer-inner\"><\/div>\n\t\t<\/div>\n\t\t\t\t\t\t<\/div>\n\t\t<div class=\"elementor-element elementor-element-414629c4 e-con-full e-flex e-con e-child\" data-id=\"414629c4\" data-element_type=\"container\" data-e-type=\"container\" data-settings=\"{&quot;background_background&quot;:&quot;classic&quot;}\">\n\t\t\t\t<div class=\"elementor-element elementor-element-35c0818 elementor-widget elementor-widget-heading\" data-id=\"35c0818\" data-element_type=\"widget\" data-e-type=\"widget\" data-widget_type=\"heading.default\">\n\t\t\t\t\t<h1 class=\"elementor-heading-title elementor-size-default\">Noord-Amerika<\/h1>\t\t\t\t<\/div>\n\t\t\t\t<div class=\"elementor-element elementor-element-71e7c852 elementor-widget elementor-widget-heading\" data-id=\"71e7c852\" data-element_type=\"widget\" data-e-type=\"widget\" data-widget_type=\"heading.default\">\n\t\t\t\t\t<h1 class=\"elementor-heading-title elementor-size-default\">Gezinsvakanties<\/h1>\t\t\t\t<\/div>\n\t\t\t\t<div class=\"elementor-element elementor-element-449f6ba5 elementor-widget elementor-widget-heading\" data-id=\"449f6ba5\" data-element_type=\"widget\" data-e-type=\"widget\" data-widget_type=\"heading.default\">\n\t\t\t\t\t<h1 class=\"elementor-heading-title elementor-size-default\">Canada - Verenigde Staten<\/h1>\t\t\t\t<\/div>\n\t\t\t\t<\/div>\n\t\t\t\t\t<\/div>\n\t\t\t\t<\/div>\n\t\t<div class=\"elementor-element elementor-element-2e614b22 animated-slow e-flex e-con-boxed elementor-invisible e-con e-parent\" data-id=\"2e614b22\" data-element_type=\"container\" data-e-type=\"container\" data-settings=\"{&quot;animation&quot;:&quot;slideInDown&quot;}\">\n\t\t\t\t\t<div class=\"e-con-inner\">\n\t\t<div class=\"elementor-element elementor-element-269e9be7 e-con-full e-flex e-con e-child\" data-id=\"269e9be7\" data-element_type=\"container\" data-e-type=\"container\" data-settings=\"{&quot;background_background&quot;:&quot;classic&quot;}\">\n\t\t\t\t<div class=\"elementor-element elementor-element-7490fb41 elementor-widget elementor-widget-text-editor\" data-id=\"7490fb41\" data-element_type=\"widget\" data-e-type=\"widget\" data-widget_type=\"text-editor.default\">\n\t\t\t\t\t\t\t\t\t<p>Bereid je voor op een memorabel gezinsavontuur door het immense en fascinerende Noord-Amerika! Van de zonnige stranden van Californi\u00eb tot de majestueuze bergen van de Canadese Rockies; dit continent biedt een ongelooflijke diversiteit aan landschappen, culturen en activiteiten. Perfect om onvergetelijke herinneringen te cre\u00ebren met je kinderen, of ze nu 3 of 17 jaar oud zijn.<\/p>\t\t\t\t\t\t\t\t<\/div>\n\t\t\t\t<\/div>\n\t\t\t\t\t<\/div>\n\t\t\t\t<\/div>\n\t\t<div class=\"elementor-element elementor-element-792d6ee e-flex e-con-boxed e-con e-parent\" data-id=\"792d6ee\" data-element_type=\"container\" data-e-type=\"container\">\n\t\t\t\t\t<div class=\"e-con-inner\">\n\t\t\t\t<div class=\"elementor-element elementor-element-b18cc71 elementor-widget elementor-widget-heading\" data-id=\"b18cc71\" data-element_type=\"widget\" data-e-type=\"widget\" data-widget_type=\"heading.default\">\n\t\t\t\t\t<h2 class=\"elementor-heading-title elementor-size-default\">Noord-Amerika met het gezin: Onvergetelijke avonturen voor alle leeftijden!\n<\/h2>\t\t\t\t<\/div>\n\t\t\t\t\t<\/div>\n\t\t\t\t<\/div>\n\t\t<div class=\"elementor-element elementor-element-20b53b73 elementor-hidden-tablet elementor-hidden-mobile e-flex e-con-boxed e-con e-parent\" data-id=\"20b53b73\" data-element_type=\"container\" data-e-type=\"container\">\n\t\t\t\t\t<div class=\"e-con-inner\">\n\t\t<div class=\"elementor-element elementor-element-89a722b e-con-full e-flex e-con e-child\" data-id=\"89a722b\" data-element_type=\"container\" data-e-type=\"container\">\n\t\t\t\t<div class=\"elementor-element elementor-element-d2d3ac0 elementor-widget elementor-widget-image\" data-id=\"d2d3ac0\" data-element_type=\"widget\" data-e-type=\"widget\" data-widget_type=\"image.default\">\n\t\t\t\t\t\t\t\t\t\t\t\t\t\t\t<img decoding=\"async\" src=\"https:\/\/www.4kidstravel.be\/wp-content\/uploads\/elementor\/thumbs\/4kidstravel-photos-13-scaled-rcws4mx2xpcz2dsuo0kk0sfw71xxmxul1otg6aii10.jpg\" title=\"4kidstravel\" alt=\"4kidstravel\" loading=\"lazy\" \/>\t\t\t\t\t\t\t\t\t\t\t\t\t\t\t<\/div>\n\t\t\t\t<\/div>\n\t\t<div class=\"elementor-element elementor-element-21306feb e-con-full e-flex e-con e-child\" data-id=\"21306feb\" data-element_type=\"container\" data-e-type=\"container\">\n\t\t\t\t<div class=\"elementor-element elementor-element-78209dcd elementor-widget elementor-widget-image\" data-id=\"78209dcd\" data-element_type=\"widget\" data-e-type=\"widget\" data-widget_type=\"image.default\">\n\t\t\t\t\t\t\t\t\t\t\t\t\t\t\t<img decoding=\"async\" src=\"https:\/\/www.4kidstravel.be\/wp-content\/uploads\/elementor\/thumbs\/4kidstravel-photos-24-scaled-rcws8aihiid47shpblgbpv8fczxbkkd07s5fd13dtw.jpg\" title=\"4kidstravel\" alt=\"4kidstravel\" loading=\"lazy\" \/>\t\t\t\t\t\t\t\t\t\t\t\t\t\t\t<\/div>\n\t\t\t\t<\/div>\n\t\t<div class=\"elementor-element elementor-element-6e64d8f8 e-con-full e-flex e-con e-child\" data-id=\"6e64d8f8\" data-element_type=\"container\" data-e-type=\"container\">\n\t\t\t\t<div class=\"elementor-element elementor-element-25306e51 elementor-widget elementor-widget-image\" data-id=\"25306e51\" data-element_type=\"widget\" data-e-type=\"widget\" data-widget_type=\"image.default\">\n\t\t\t\t\t\t\t\t\t\t\t\t\t\t\t<img decoding=\"async\" src=\"https:\/\/www.4kidstravel.be\/wp-content\/uploads\/elementor\/thumbs\/4kidstravel-photos-65-scaled-rcwsnm9qy9cfiw88tpybvi0026ds2w7fzn3g2gdadg.jpg\" title=\"4kidstravel\" alt=\"4kidstravel\" loading=\"lazy\" \/>\t\t\t\t\t\t\t\t\t\t\t\t\t\t\t<\/div>\n\t\t\t\t<\/div>\n\t\t<div class=\"elementor-element elementor-element-24bb58bb e-con-full e-flex e-con e-child\" data-id=\"24bb58bb\" data-element_type=\"container\" data-e-type=\"container\">\n\t\t\t\t<div class=\"elementor-element elementor-element-3b3f7c5f elementor-widget elementor-widget-image\" data-id=\"3b3f7c5f\" data-element_type=\"widget\" data-e-type=\"widget\" data-widget_type=\"image.default\">\n\t\t\t\t\t\t\t\t\t\t\t\t\t\t\t<img decoding=\"async\" src=\"https:\/\/www.4kidstravel.be\/wp-content\/uploads\/elementor\/thumbs\/4kidstravel-photos-55-rcwskdpreswvj8xjqbklabeueec9kfcq7m78k563t0.jpg\" title=\"4kidstravel\" alt=\"4kidstravel\" loading=\"lazy\" \/>\t\t\t\t\t\t\t\t\t\t\t\t\t\t\t<\/div>\n\t\t\t\t<\/div>\n\t\t\t\t\t<\/div>\n\t\t\t\t<\/div>\n\t\t<div class=\"elementor-element elementor-element-eb01df5 e-flex e-con-boxed e-con e-parent\" data-id=\"eb01df5\" data-element_type=\"container\" data-e-type=\"container\">\n\t\t\t\t\t<div class=\"e-con-inner\">\n\t\t<div class=\"elementor-element elementor-element-d6ff5c6 e-con-full elementor-hidden-mobile e-flex e-con e-child\" data-id=\"d6ff5c6\" data-element_type=\"container\" data-e-type=\"container\">\n\t\t\t\t<\/div>\n\t\t<div class=\"elementor-element elementor-element-423a280 e-con-full e-flex e-con e-child\" data-id=\"423a280\" data-element_type=\"container\" data-e-type=\"container\">\n\t\t\t\t<div class=\"elementor-element elementor-element-f556004 animated-slow elementor-invisible elementor-widget elementor-widget-image\" data-id=\"f556004\" data-element_type=\"widget\" data-e-type=\"widget\" data-settings=\"{&quot;_animation&quot;:&quot;zoomIn&quot;}\" data-widget_type=\"image.default\">\n\t\t\t\t\t\t\t\t\t\t\t\t\t\t\t<img decoding=\"async\" src=\"https:\/\/www.4kidstravel.be\/wp-content\/uploads\/elementor\/thumbs\/logo-wings-n-wheels-2-rels5gr5kcm8s9al1txxgpf1eomkxpcpzq3r5uk0wg.jpg\" title=\"logo wings&rsquo;n wheels\" alt=\"logo wings&#039;n wheels\" loading=\"lazy\" \/>\t\t\t\t\t\t\t\t\t\t\t\t\t\t\t<\/div>\n\t\t\t\t<\/div>\n\t\t<div class=\"elementor-element elementor-element-eb2196b e-con-full elementor-hidden-mobile e-flex e-con e-child\" data-id=\"eb2196b\" data-element_type=\"container\" data-e-type=\"container\">\n\t\t\t\t<\/div>\n\t\t\t\t\t<\/div>\n\t\t\t\t<\/div>\n\t\t<div class=\"elementor-element elementor-element-3de564e e-flex e-con-boxed e-con e-parent\" data-id=\"3de564e\" data-element_type=\"container\" data-e-type=\"container\">\n\t\t\t\t\t<div class=\"e-con-inner\">\n\t\t<div class=\"elementor-element elementor-element-9af7395 e-con-full e-flex e-con e-child\" data-id=\"9af7395\" data-element_type=\"container\" data-e-type=\"container\">\n\t\t<div class=\"elementor-element elementor-element-43b4930 e-con-full e-flex e-con e-child\" data-id=\"43b4930\" data-element_type=\"container\" data-e-type=\"container\" data-settings=\"{&quot;background_background&quot;:&quot;classic&quot;}\">\n\t\t\t\t<div class=\"elementor-element elementor-element-9d3d768 elementor-widget elementor-widget-spacer\" data-id=\"9d3d768\" data-element_type=\"widget\" data-e-type=\"widget\" data-widget_type=\"spacer.default\">\n\t\t\t\t\t\t\t<div class=\"elementor-spacer\">\n\t\t\t<div class=\"elementor-spacer-inner\"><\/div>\n\t\t<\/div>\n\t\t\t\t\t\t<\/div>\n\t\t\t\t<div class=\"elementor-element elementor-element-638be97 elementor-widget elementor-widget-heading\" data-id=\"638be97\" data-element_type=\"widget\" data-e-type=\"widget\" data-widget_type=\"heading.default\">\n\t\t\t\t\t<h2 class=\"elementor-heading-title elementor-size-default\">Verenigde Staten<\/h2>\t\t\t\t<\/div>\n\t\t\t\t<div class=\"elementor-element elementor-element-e02f623 elementor-widget elementor-widget-heading\" data-id=\"e02f623\" data-element_type=\"widget\" data-e-type=\"widget\" data-widget_type=\"heading.default\">\n\t\t\t\t\t<h3 class=\"elementor-heading-title elementor-size-default\">De Amerikaanse droom, van parken tot stranden, voor het hele gezin!<\/h3>\t\t\t\t<\/div>\n\t\t\t\t<div class=\"elementor-element elementor-element-fc2fdc4 elementor-align-center elementor-widget elementor-widget-button\" data-id=\"fc2fdc4\" data-element_type=\"widget\" data-e-type=\"widget\" data-widget_type=\"button.default\">\n\t\t\t\t\t\t\t\t\t\t<a class=\"elementor-button elementor-button-link elementor-size-sm\" href=\"https:\/\/www.wnw.be\/nl\/4kids-speciale-aandacht-voor-kinderen-4320\" target=\"_blank\">\n\t\t\t\t\t\t<span class=\"elementor-button-content-wrapper\">\n\t\t\t\t\t\t\t\t\t<span class=\"elementor-button-text\">Ontdek gedetailleerde info betreffende alle programma\u2019s <\/span>\n\t\t\t\t\t<\/span>\n\t\t\t\t\t<\/a>\n\t\t\t\t\t\t\t\t<\/div>\n\t\t\t\t<\/div>\n\t\t\t\t<\/div>\n\t\t\t\t\t<\/div>\n\t\t\t\t<\/div>\n\t\t<div class=\"elementor-element elementor-element-0dfe542 e-flex e-con-boxed e-con e-parent\" data-id=\"0dfe542\" data-element_type=\"container\" data-e-type=\"container\">\n\t\t\t\t\t<div class=\"e-con-inner\">\n\t\t<div class=\"elementor-element elementor-element-1884281 e-con-full e-flex e-con e-child\" data-id=\"1884281\" data-element_type=\"container\" data-e-type=\"container\">\n\t\t<div class=\"elementor-element elementor-element-eec7ee6 e-con-full e-flex e-con e-child\" data-id=\"eec7ee6\" data-element_type=\"container\" data-e-type=\"container\" data-settings=\"{&quot;background_background&quot;:&quot;classic&quot;}\">\n\t\t\t\t<div class=\"elementor-element elementor-element-0482d1e elementor-widget elementor-widget-spacer\" data-id=\"0482d1e\" data-element_type=\"widget\" data-e-type=\"widget\" data-widget_type=\"spacer.default\">\n\t\t\t\t\t\t\t<div class=\"elementor-spacer\">\n\t\t\t<div class=\"elementor-spacer-inner\"><\/div>\n\t\t<\/div>\n\t\t\t\t\t\t<\/div>\n\t\t\t\t<div class=\"elementor-element elementor-element-b334eab elementor-widget elementor-widget-heading\" data-id=\"b334eab\" data-element_type=\"widget\" data-e-type=\"widget\" data-widget_type=\"heading.default\">\n\t\t\t\t\t<h2 class=\"elementor-heading-title elementor-size-default\">Canada<\/h2>\t\t\t\t<\/div>\n\t\t\t\t<div class=\"elementor-element elementor-element-1000594 elementor-widget elementor-widget-heading\" data-id=\"1000594\" data-element_type=\"widget\" data-e-type=\"widget\" data-widget_type=\"heading.default\">\n\t\t\t\t\t<h3 class=\"elementor-heading-title elementor-size-default\">Beleef onvergetelijke familiemomenten tussen adembenemende natuur en bruisende steden!<\/h3>\t\t\t\t<\/div>\n\t\t\t\t<div class=\"elementor-element elementor-element-86940bb elementor-align-center elementor-widget elementor-widget-button\" data-id=\"86940bb\" data-element_type=\"widget\" data-e-type=\"widget\" data-widget_type=\"button.default\">\n\t\t\t\t\t\t\t\t\t\t<a class=\"elementor-button elementor-button-link elementor-size-sm\" href=\"https:\/\/www.wnw.be\/nl\/4kids-speciale-aandacht-voor-kinderen-4320\" target=\"_blank\">\n\t\t\t\t\t\t<span class=\"elementor-button-content-wrapper\">\n\t\t\t\t\t\t\t\t\t<span class=\"elementor-button-text\">Ontdek gedetailleerde info betreffende alle programma\u2019s <\/span>\n\t\t\t\t\t<\/span>\n\t\t\t\t\t<\/a>\n\t\t\t\t\t\t\t\t<\/div>\n\t\t\t\t<\/div>\n\t\t\t\t<\/div>\n\t\t\t\t\t<\/div>\n\t\t\t\t<\/div>\n\t\t<div class=\"elementor-element elementor-element-4e8db94 e-flex e-con-boxed e-con e-parent\" data-id=\"4e8db94\" data-element_type=\"container\" data-e-type=\"container\">\n\t\t\t\t\t<div class=\"e-con-inner\">\n\t\t<div class=\"elementor-element elementor-element-49fe7d1 e-con-full e-flex e-con e-child\" data-id=\"49fe7d1\" data-element_type=\"container\" data-e-type=\"container\">\n\t\t\t\t<div class=\"elementor-element elementor-element-2231f22 elementor-widget elementor-widget-heading\" data-id=\"2231f22\" data-element_type=\"widget\" data-e-type=\"widget\" data-widget_type=\"heading.default\">\n\t\t\t\t\t<h2 class=\"elementor-heading-title elementor-size-default\">Gezinsreizen georganiseerd door:<\/h2>\t\t\t\t<\/div>\n\t\t\t\t<\/div>\n\t\t<div class=\"elementor-element elementor-element-df6d190 e-con-full e-flex e-con e-child\" data-id=\"df6d190\" data-element_type=\"container\" data-e-type=\"container\">\n\t\t\t\t<div class=\"elementor-element elementor-element-d98e9e0 animated-slow elementor-invisible elementor-widget elementor-widget-image\" data-id=\"d98e9e0\" data-element_type=\"widget\" data-e-type=\"widget\" data-settings=\"{&quot;_animation&quot;:&quot;zoomIn&quot;}\" data-widget_type=\"image.default\">\n\t\t\t\t\t\t\t\t\t\t\t\t\t\t\t<img decoding=\"async\" src=\"https:\/\/www.4kidstravel.be\/wp-content\/uploads\/elementor\/thumbs\/logo-wings-n-wheels-2-rels5gr52t3wboyt0p2g147p5ablzcuwoegtigz4i8.jpg\" title=\"logo wings&rsquo;n wheels\" alt=\"logo wings&#039;n wheels\" loading=\"lazy\" \/>\t\t\t\t\t\t\t\t\t\t\t\t\t\t\t<\/div>\n\t\t\t\t<\/div>\n\t\t\t\t\t<\/div>\n\t\t\t\t<\/div>\n\t\t<div class=\"elementor-element elementor-element-add92be e-flex e-con-boxed e-con e-parent\" data-id=\"add92be\" data-element_type=\"container\" data-e-type=\"container\">\n\t\t\t\t\t<div class=\"e-con-inner\">\n\t\t<div class=\"elementor-element elementor-element-514097e e-con-full e-flex e-con e-child\" data-id=\"514097e\" data-element_type=\"container\" data-e-type=\"container\">\n\t\t\t\t<div class=\"elementor-element elementor-element-31f6b48 elementor-align-center elementor-widget elementor-widget-button\" data-id=\"31f6b48\" data-element_type=\"widget\" data-e-type=\"widget\" data-widget_type=\"button.default\">\n\t\t\t\t\t\t\t\t\t\t<a class=\"elementor-button elementor-button-link elementor-size-sm\" href=\"https:\/\/www.wnw.be\/nl\/4kids-speciale-aandacht-voor-kinderen-4320\" target=\"_blank\">\n\t\t\t\t\t\t<span class=\"elementor-button-content-wrapper\">\n\t\t\t\t\t\t\t\t\t<span class=\"elementor-button-text\">Ontdek gedetailleerde info betreffende alle programma\u2019s <\/span>\n\t\t\t\t\t<\/span>\n\t\t\t\t\t<\/a>\n\t\t\t\t\t\t\t\t<\/div>\n\t\t\t\t<\/div>\n\t\t\t\t\t<\/div>\n\t\t\t\t<\/div>\n\t\t\t\t<\/div>","protected":false},"excerpt":{"rendered":"<p>Am\u00e9rique du nord Vacances en famille Canada &#8211; \u00c9tats-Unis Pr\u00e9parez-vous \u00e0 une aventure m\u00e9morable en famille \u00e0 travers l&rsquo;immense et fascinante Am\u00e9rique du Nord ! Des plages ensoleill\u00e9es de la Californie aux montagnes majestueuses des Rocheuses canadiennes, ce continent offre une diversit\u00e9 incroyable de paysages, de cultures et d&rsquo;activit\u00e9s, parfaites pour cr\u00e9er des souvenirs imp\u00e9rissables [&hellip;]<\/p>\n","protected":false},"author":1,"featured_media":0,"parent":0,"menu_order":0,"comment_status":"closed","ping_status":"closed","template":"elementor_header_footer","meta":{"footnotes":""},"class_list":["post-260","page","type-page","status-publish","hentry"],"_links":{"self":[{"href":"https:\/\/www.4kidstravel.be\/nl\/wp-json\/wp\/v2\/pages\/260","targetHints":{"allow":["GET"]}}],"collection":[{"href":"https:\/\/www.4kidstravel.be\/nl\/wp-json\/wp\/v2\/pages"}],"about":[{"href":"https:\/\/www.4kidstravel.be\/nl\/wp-json\/wp\/v2\/types\/page"}],"author":[{"embeddable":true,"href":"https:\/\/www.4kidstravel.be\/nl\/wp-json\/wp\/v2\/users\/1"}],"replies":[{"embeddable":true,"href":"https:\/\/www.4kidstravel.be\/nl\/wp-json\/wp\/v2\/comments?post=260"}],"version-history":[{"count":201,"href":"https:\/\/www.4kidstravel.be\/nl\/wp-json\/wp\/v2\/pages\/260\/revisions"}],"predecessor-version":[{"id":1264,"href":"https:\/\/www.4kidstravel.be\/nl\/wp-json\/wp\/v2\/pages\/260\/revisions\/1264"}],"wp:attachment":[{"href":"https:\/\/www.4kidstravel.be\/nl\/wp-json\/wp\/v2\/media?parent=260"}],"curies":[{"name":"wp","href":"https:\/\/api.w.org\/{rel}","templated":true}]}}