{"id":496,"date":"2025-11-10T13:56:29","date_gmt":"2025-11-10T13:56:29","guid":{"rendered":"https:\/\/www.4kidstravel.be\/?page_id=496"},"modified":"2025-12-05T15:50:47","modified_gmt":"2025-12-05T15:50:47","slug":"azie","status":"publish","type":"page","link":"https:\/\/www.4kidstravel.be\/nl\/asie\/","title":{"rendered":"Azi\u00eb"},"content":{"rendered":"<div data-elementor-type=\"wp-page\" data-elementor-id=\"496\" class=\"elementor elementor-496\" data-elementor-post-type=\"page\">\n\t\t\t\t<div class=\"elementor-element elementor-element-692015ed e-flex e-con-boxed e-con e-parent\" data-id=\"692015ed\" data-element_type=\"container\" data-e-type=\"container\" data-settings=\"{&quot;background_background&quot;:&quot;classic&quot;}\">\n\t\t\t\t\t<div class=\"e-con-inner\">\n\t\t\t\t<div class=\"elementor-element elementor-element-66d5bb1d elementor-widget elementor-widget-spacer\" data-id=\"66d5bb1d\" data-element_type=\"widget\" data-e-type=\"widget\" data-widget_type=\"spacer.default\">\n\t\t\t\t\t\t\t<div class=\"elementor-spacer\">\n\t\t\t<div class=\"elementor-spacer-inner\"><\/div>\n\t\t<\/div>\n\t\t\t\t\t\t<\/div>\n\t\t<div class=\"elementor-element elementor-element-248339bc e-con-full e-flex e-con e-child\" data-id=\"248339bc\" data-element_type=\"container\" data-e-type=\"container\" data-settings=\"{&quot;background_background&quot;:&quot;classic&quot;}\">\n\t\t\t\t<div class=\"elementor-element elementor-element-76490fea elementor-widget elementor-widget-heading\" data-id=\"76490fea\" data-element_type=\"widget\" data-e-type=\"widget\" data-widget_type=\"heading.default\">\n\t\t\t\t\t<h1 class=\"elementor-heading-title elementor-size-default\">Azi\u00eb<\/h1>\t\t\t\t<\/div>\n\t\t\t\t<div class=\"elementor-element elementor-element-127f339b elementor-widget elementor-widget-heading\" data-id=\"127f339b\" data-element_type=\"widget\" data-e-type=\"widget\" data-widget_type=\"heading.default\">\n\t\t\t\t\t<h1 class=\"elementor-heading-title elementor-size-default\">Gezinsvakanties<\/h1>\t\t\t\t<\/div>\n\t\t\t\t<div class=\"elementor-element elementor-element-124c8e32 elementor-widget elementor-widget-heading\" data-id=\"124c8e32\" data-element_type=\"widget\" data-e-type=\"widget\" data-widget_type=\"heading.default\">\n\t\t\t\t\t<h1 class=\"elementor-heading-title elementor-size-default\">India - Sri Lanka - Thailand - Vietnam\n\n<\/h1>\t\t\t\t<\/div>\n\t\t\t\t<\/div>\n\t\t\t\t\t<\/div>\n\t\t\t\t<\/div>\n\t\t<div class=\"elementor-element elementor-element-30b41f82 animated-slow e-flex e-con-boxed elementor-invisible e-con e-parent\" data-id=\"30b41f82\" data-element_type=\"container\" data-e-type=\"container\" data-settings=\"{&quot;animation&quot;:&quot;slideInDown&quot;}\">\n\t\t\t\t\t<div class=\"e-con-inner\">\n\t\t<div class=\"elementor-element elementor-element-44aa9886 e-con-full e-flex e-con e-child\" data-id=\"44aa9886\" data-element_type=\"container\" data-e-type=\"container\" data-settings=\"{&quot;background_background&quot;:&quot;classic&quot;}\">\n\t\t\t\t<div class=\"elementor-element elementor-element-7e21c341 elementor-widget elementor-widget-text-editor\" data-id=\"7e21c341\" data-element_type=\"widget\" data-e-type=\"widget\" data-widget_type=\"text-editor.default\">\n\t\t\t\t\t\t\t\t\t<p>Ga op ontdekking in Azi\u00eb met 4kidstravel.be, een fascinerend continent waar elk land een uitnodiging is voor een gezinsavontuur! Duik in de kleuren en smaken van India, verken de oude tempels en droomstranden van Sri Lanka. Laat u verleiden door de vriendelijkheid van Thailand en zijn paradijselijke eilanden, of door de culturele rijkdom en iconische landschappen van Vietnam. Azi\u00eb belooft unieke zintuiglijke ervaringen, onvergetelijke ontmoetingen en dierbare herinneringen voor het hele gezin, kleine en grote ontdekkingsreizigers.<\/p>\t\t\t\t\t\t\t\t<\/div>\n\t\t\t\t<\/div>\n\t\t\t\t\t<\/div>\n\t\t\t\t<\/div>\n\t\t<div class=\"elementor-element elementor-element-1912363b e-flex e-con-boxed e-con e-parent\" data-id=\"1912363b\" data-element_type=\"container\" data-e-type=\"container\">\n\t\t\t\t\t<div class=\"e-con-inner\">\n\t\t\t\t<div class=\"elementor-element elementor-element-2d690e4 elementor-widget elementor-widget-heading\" data-id=\"2d690e4\" data-element_type=\"widget\" data-e-type=\"widget\" data-widget_type=\"heading.default\">\n\t\t\t\t\t<h2 class=\"elementor-heading-title elementor-size-default\">Azi\u00eb met het gezin: Een epische reis tussen duizendjarige tradities en exotische landschappen!<\/h2>\t\t\t\t<\/div>\n\t\t\t\t\t<\/div>\n\t\t\t\t<\/div>\n\t\t<div class=\"elementor-element elementor-element-5a8e57ef elementor-hidden-tablet elementor-hidden-mobile e-flex e-con-boxed e-con e-parent\" data-id=\"5a8e57ef\" data-element_type=\"container\" data-e-type=\"container\">\n\t\t\t\t\t<div class=\"e-con-inner\">\n\t\t<div class=\"elementor-element elementor-element-5c6aa0d3 e-con-full e-flex e-con e-child\" data-id=\"5c6aa0d3\" data-element_type=\"container\" data-e-type=\"container\">\n\t\t\t\t<div class=\"elementor-element elementor-element-8009e3c elementor-widget elementor-widget-image\" data-id=\"8009e3c\" data-element_type=\"widget\" data-e-type=\"widget\" data-widget_type=\"image.default\">\n\t\t\t\t\t\t\t\t\t\t\t\t\t\t\t<img decoding=\"async\" src=\"https:\/\/www.4kidstravel.be\/wp-content\/uploads\/elementor\/thumbs\/Asie-01-rei5qkfo278ke8y47vb2ibd8mng6ymk772pmdjc5hg.jpg\" title=\"Asia\" alt=\"Asie voyages en famille\" loading=\"lazy\" \/>\t\t\t\t\t\t\t\t\t\t\t\t\t\t\t<\/div>\n\t\t\t\t<\/div>\n\t\t<div class=\"elementor-element elementor-element-3ddfe2d1 e-con-full e-flex e-con e-child\" data-id=\"3ddfe2d1\" data-element_type=\"container\" data-e-type=\"container\">\n\t\t\t\t<div class=\"elementor-element elementor-element-5eb879ae elementor-widget elementor-widget-image\" data-id=\"5eb879ae\" data-element_type=\"widget\" data-e-type=\"widget\" data-widget_type=\"image.default\">\n\t\t\t\t\t\t\t\t\t\t\t\t\t\t\t<img decoding=\"async\" src=\"https:\/\/www.4kidstravel.be\/wp-content\/uploads\/elementor\/thumbs\/Asie-02-rei5s3w59fchf8pk81a23fdfoduukrod2p79ov1xac.jpg\" title=\"Asia\" alt=\"Asie voyages en famille\" loading=\"lazy\" \/>\t\t\t\t\t\t\t\t\t\t\t\t\t\t\t<\/div>\n\t\t\t\t<\/div>\n\t\t<div class=\"elementor-element elementor-element-7ce20fd9 e-con-full e-flex e-con e-child\" data-id=\"7ce20fd9\" data-element_type=\"container\" data-e-type=\"container\">\n\t\t\t\t<div class=\"elementor-element elementor-element-405ad720 elementor-widget elementor-widget-image\" data-id=\"405ad720\" data-element_type=\"widget\" data-e-type=\"widget\" data-widget_type=\"image.default\">\n\t\t\t\t\t\t\t\t\t\t\t\t\t\t\t<img decoding=\"async\" src=\"https:\/\/www.4kidstravel.be\/wp-content\/uploads\/elementor\/thumbs\/Sri-Lanka-02-rei5ul6taoqq273uqlvm6au83zmpw0iv2z6ea5div8.jpg\" title=\"Sri Lanka\" alt=\"Sri Lanka voyages en famille\" loading=\"lazy\" \/>\t\t\t\t\t\t\t\t\t\t\t\t\t\t\t<\/div>\n\t\t\t\t<\/div>\n\t\t<div class=\"elementor-element elementor-element-2c8e53c3 e-con-full e-flex e-con e-child\" data-id=\"2c8e53c3\" data-element_type=\"container\" data-e-type=\"container\">\n\t\t\t\t<div class=\"elementor-element elementor-element-22e3b4c0 elementor-widget elementor-widget-image\" data-id=\"22e3b4c0\" data-element_type=\"widget\" data-e-type=\"widget\" data-widget_type=\"image.default\">\n\t\t\t\t\t\t\t\t\t\t\t\t\t\t\t<img decoding=\"async\" src=\"https:\/\/www.4kidstravel.be\/wp-content\/uploads\/elementor\/thumbs\/Inde-hawa-mahal-02-rei5x3fbis690rgs3ovsto2h4z9yeyh3fdt0cpnq9w.jpg\" title=\"India Hawa-mahal\" alt=\"Inde voyages en famille\" loading=\"lazy\" \/>\t\t\t\t\t\t\t\t\t\t\t\t\t\t\t<\/div>\n\t\t\t\t<\/div>\n\t\t\t\t\t<\/div>\n\t\t\t\t<\/div>\n\t\t<div class=\"elementor-element elementor-element-7e4c287 e-flex e-con-boxed e-con e-parent\" data-id=\"7e4c287\" data-element_type=\"container\" data-e-type=\"container\">\n\t\t\t\t\t<div class=\"e-con-inner\">\n\t\t<div class=\"elementor-element elementor-element-3d59708 e-con-full elementor-hidden-mobile e-flex e-con e-child\" data-id=\"3d59708\" data-element_type=\"container\" data-e-type=\"container\">\n\t\t\t\t<\/div>\n\t\t<div class=\"elementor-element elementor-element-ad5375d e-con-full e-flex e-con e-child\" data-id=\"ad5375d\" data-element_type=\"container\" data-e-type=\"container\">\n\t\t\t\t<div class=\"elementor-element elementor-element-6e1213f animated-slow elementor-invisible elementor-widget elementor-widget-image\" data-id=\"6e1213f\" data-element_type=\"widget\" data-e-type=\"widget\" data-settings=\"{&quot;_animation&quot;:&quot;zoomIn&quot;}\" data-widget_type=\"image.default\">\n\t\t\t\t\t\t\t\t\t\t\t\t\t\t\t<img decoding=\"async\" src=\"https:\/\/www.4kidstravel.be\/wp-content\/uploads\/elementor\/thumbs\/LOGO-IMAGINE-scaled-rcwnkl52bum1loiv59t2g4e8i1fevyr2mrsvp5apgc.jpg\" title=\"LOGO IMAGINE\" alt=\"Imagine Travel Logo\" loading=\"lazy\" \/>\t\t\t\t\t\t\t\t\t\t\t\t\t\t\t<\/div>\n\t\t\t\t<\/div>\n\t\t<div class=\"elementor-element elementor-element-517a712 e-con-full elementor-hidden-mobile e-flex e-con e-child\" data-id=\"517a712\" data-element_type=\"container\" data-e-type=\"container\">\n\t\t\t\t<\/div>\n\t\t\t\t\t<\/div>\n\t\t\t\t<\/div>\n\t\t<div class=\"elementor-element elementor-element-6a9dd298 e-flex e-con-boxed e-con e-parent\" data-id=\"6a9dd298\" data-element_type=\"container\" data-e-type=\"container\" data-settings=\"{&quot;background_background&quot;:&quot;classic&quot;}\">\n\t\t\t\t\t<div class=\"e-con-inner\">\n\t\t<div class=\"elementor-element elementor-element-69beeaa e-con-full e-flex e-con e-child\" data-id=\"69beeaa\" data-element_type=\"container\" data-e-type=\"container\">\n\t\t<div class=\"elementor-element elementor-element-908daeb e-con-full e-flex e-con e-child\" data-id=\"908daeb\" data-element_type=\"container\" data-e-type=\"container\" data-settings=\"{&quot;background_background&quot;:&quot;classic&quot;}\">\n\t\t\t\t<div class=\"elementor-element elementor-element-e90bec2 elementor-widget elementor-widget-spacer\" data-id=\"e90bec2\" data-element_type=\"widget\" data-e-type=\"widget\" data-widget_type=\"spacer.default\">\n\t\t\t\t\t\t\t<div class=\"elementor-spacer\">\n\t\t\t<div class=\"elementor-spacer-inner\"><\/div>\n\t\t<\/div>\n\t\t\t\t\t\t<\/div>\n\t\t\t\t<div class=\"elementor-element elementor-element-246922b elementor-widget elementor-widget-heading\" data-id=\"246922b\" data-element_type=\"widget\" data-e-type=\"widget\" data-widget_type=\"heading.default\">\n\t\t\t\t\t<h2 class=\"elementor-heading-title elementor-size-default\">India<\/h2>\t\t\t\t<\/div>\n\t\t\t\t<div class=\"elementor-element elementor-element-a4e70cd elementor-widget elementor-widget-heading\" data-id=\"a4e70cd\" data-element_type=\"widget\" data-e-type=\"widget\" data-widget_type=\"heading.default\">\n\t\t\t\t\t<h3 class=\"elementor-heading-title elementor-size-default\">Kleuren, smaken en duizendjarige schatten voor een gezin op zoek naar exotisme!<\/h3>\t\t\t\t<\/div>\n\t\t\t\t<div class=\"elementor-element elementor-element-57ed662 elementor-align-center elementor-widget elementor-widget-button\" data-id=\"57ed662\" data-element_type=\"widget\" data-e-type=\"widget\" data-widget_type=\"button.default\">\n\t\t\t\t\t\t\t\t\t\t<a class=\"elementor-button elementor-button-link elementor-size-sm\" href=\"https:\/\/www.imaginetravel.be\/nl\/reisformules.asp?id=0&amp;name=reizen-met-kinderen&amp;lang=nl\" target=\"_blank\">\n\t\t\t\t\t\t<span class=\"elementor-button-content-wrapper\">\n\t\t\t\t\t\t\t\t\t<span class=\"elementor-button-text\">Ontdek gedetailleerde info betreffende alle programma\u2019s <\/span>\n\t\t\t\t\t<\/span>\n\t\t\t\t\t<\/a>\n\t\t\t\t\t\t\t\t<\/div>\n\t\t\t\t<\/div>\n\t\t\t\t<\/div>\n\t\t\t\t\t<\/div>\n\t\t\t\t<\/div>\n\t\t<div class=\"elementor-element elementor-element-2ac8c211 e-flex e-con-boxed e-con e-parent\" data-id=\"2ac8c211\" data-element_type=\"container\" data-e-type=\"container\">\n\t\t\t\t\t<div class=\"e-con-inner\">\n\t\t<div class=\"elementor-element elementor-element-1149789 e-con-full e-flex e-con e-child\" data-id=\"1149789\" data-element_type=\"container\" data-e-type=\"container\">\n\t\t<div class=\"elementor-element elementor-element-b12abb4 e-con-full e-flex e-con e-child\" data-id=\"b12abb4\" data-element_type=\"container\" data-e-type=\"container\" data-settings=\"{&quot;background_background&quot;:&quot;classic&quot;}\">\n\t\t\t\t<div class=\"elementor-element elementor-element-3253172 elementor-widget elementor-widget-spacer\" data-id=\"3253172\" data-element_type=\"widget\" data-e-type=\"widget\" data-widget_type=\"spacer.default\">\n\t\t\t\t\t\t\t<div class=\"elementor-spacer\">\n\t\t\t<div class=\"elementor-spacer-inner\"><\/div>\n\t\t<\/div>\n\t\t\t\t\t\t<\/div>\n\t\t\t\t<div class=\"elementor-element elementor-element-3854197 elementor-widget elementor-widget-heading\" data-id=\"3854197\" data-element_type=\"widget\" data-e-type=\"widget\" data-widget_type=\"heading.default\">\n\t\t\t\t\t<h2 class=\"elementor-heading-title elementor-size-default\">Sri-Lanka<\/h2>\t\t\t\t<\/div>\n\t\t\t\t<div class=\"elementor-element elementor-element-e6036fd elementor-widget elementor-widget-heading\" data-id=\"e6036fd\" data-element_type=\"widget\" data-e-type=\"widget\" data-widget_type=\"heading.default\">\n\t\t\t\t\t<h3 class=\"elementor-heading-title elementor-size-default\">Oude tempels, exuberante natuur en ideale stranden met het gezin!<\/h3>\t\t\t\t<\/div>\n\t\t\t\t<div class=\"elementor-element elementor-element-bc388e0 elementor-align-center elementor-widget elementor-widget-button\" data-id=\"bc388e0\" data-element_type=\"widget\" data-e-type=\"widget\" data-widget_type=\"button.default\">\n\t\t\t\t\t\t\t\t\t\t<a class=\"elementor-button elementor-button-link elementor-size-sm\" href=\"https:\/\/www.imaginetravel.be\/nl\/reisformules.asp?id=0&amp;name=reizen-met-kinderen&amp;lang=nl\" target=\"_blank\">\n\t\t\t\t\t\t<span class=\"elementor-button-content-wrapper\">\n\t\t\t\t\t\t\t\t\t<span class=\"elementor-button-text\">Ontdek gedetailleerde info betreffende alle programma\u2019s <\/span>\n\t\t\t\t\t<\/span>\n\t\t\t\t\t<\/a>\n\t\t\t\t\t\t\t\t<\/div>\n\t\t\t\t<\/div>\n\t\t\t\t<\/div>\n\t\t\t\t\t<\/div>\n\t\t\t\t<\/div>\n\t\t<div class=\"elementor-element elementor-element-2a79a511 e-flex e-con-boxed e-con e-parent\" data-id=\"2a79a511\" data-element_type=\"container\" data-e-type=\"container\">\n\t\t\t\t\t<div class=\"e-con-inner\">\n\t\t<div class=\"elementor-element elementor-element-622e931 e-con-full e-flex e-con e-child\" data-id=\"622e931\" data-element_type=\"container\" data-e-type=\"container\">\n\t\t<div class=\"elementor-element elementor-element-9b941d8 e-con-full e-flex e-con e-child\" data-id=\"9b941d8\" data-element_type=\"container\" data-e-type=\"container\" data-settings=\"{&quot;background_background&quot;:&quot;classic&quot;}\">\n\t\t\t\t<div class=\"elementor-element elementor-element-d8dd484 elementor-widget elementor-widget-spacer\" data-id=\"d8dd484\" data-element_type=\"widget\" data-e-type=\"widget\" data-widget_type=\"spacer.default\">\n\t\t\t\t\t\t\t<div class=\"elementor-spacer\">\n\t\t\t<div class=\"elementor-spacer-inner\"><\/div>\n\t\t<\/div>\n\t\t\t\t\t\t<\/div>\n\t\t\t\t<div class=\"elementor-element elementor-element-aa02a9d elementor-widget elementor-widget-heading\" data-id=\"aa02a9d\" data-element_type=\"widget\" data-e-type=\"widget\" data-widget_type=\"heading.default\">\n\t\t\t\t\t<h2 class=\"elementor-heading-title elementor-size-default\">Thailand<\/h2>\t\t\t\t<\/div>\n\t\t\t\t<div class=\"elementor-element elementor-element-f0261f0 elementor-widget elementor-widget-heading\" data-id=\"f0261f0\" data-element_type=\"widget\" data-e-type=\"widget\" data-widget_type=\"heading.default\">\n\t\t\t\t\t<h3 class=\"elementor-heading-title elementor-size-default\">Glimlachen, gouden tempels en paradijselijke eilanden voor een gezinsvakantie!<\/h3>\t\t\t\t<\/div>\n\t\t\t\t<div class=\"elementor-element elementor-element-a89e9c1 elementor-align-center elementor-widget elementor-widget-button\" data-id=\"a89e9c1\" data-element_type=\"widget\" data-e-type=\"widget\" data-widget_type=\"button.default\">\n\t\t\t\t\t\t\t\t\t\t<a class=\"elementor-button elementor-button-link elementor-size-sm\" href=\"https:\/\/www.imaginetravel.be\/nl\/reisformules.asp?id=0&amp;name=reizen-met-kinderen&amp;lang=nl\" target=\"_blank\">\n\t\t\t\t\t\t<span class=\"elementor-button-content-wrapper\">\n\t\t\t\t\t\t\t\t\t<span class=\"elementor-button-text\">Ontdek gedetailleerde info betreffende alle programma\u2019s <\/span>\n\t\t\t\t\t<\/span>\n\t\t\t\t\t<\/a>\n\t\t\t\t\t\t\t\t<\/div>\n\t\t\t\t<\/div>\n\t\t\t\t<\/div>\n\t\t\t\t\t<\/div>\n\t\t\t\t<\/div>\n\t\t<div class=\"elementor-element elementor-element-99e24f7 e-flex e-con-boxed e-con e-parent\" data-id=\"99e24f7\" data-element_type=\"container\" data-e-type=\"container\">\n\t\t\t\t\t<div class=\"e-con-inner\">\n\t\t<div class=\"elementor-element elementor-element-c69e9df e-con-full e-flex e-con e-child\" data-id=\"c69e9df\" data-element_type=\"container\" data-e-type=\"container\">\n\t\t<div class=\"elementor-element elementor-element-f782441 e-con-full e-flex e-con e-child\" data-id=\"f782441\" data-element_type=\"container\" data-e-type=\"container\" data-settings=\"{&quot;background_background&quot;:&quot;classic&quot;}\">\n\t\t\t\t<div class=\"elementor-element elementor-element-a12c372 elementor-widget elementor-widget-spacer\" data-id=\"a12c372\" data-element_type=\"widget\" data-e-type=\"widget\" data-widget_type=\"spacer.default\">\n\t\t\t\t\t\t\t<div class=\"elementor-spacer\">\n\t\t\t<div class=\"elementor-spacer-inner\"><\/div>\n\t\t<\/div>\n\t\t\t\t\t\t<\/div>\n\t\t\t\t<div class=\"elementor-element elementor-element-90f9478 elementor-widget elementor-widget-heading\" data-id=\"90f9478\" data-element_type=\"widget\" data-e-type=\"widget\" data-widget_type=\"heading.default\">\n\t\t\t\t\t<h2 class=\"elementor-heading-title elementor-size-default\">Vietnam<\/h2>\t\t\t\t<\/div>\n\t\t\t\t<div class=\"elementor-element elementor-element-e890b1b elementor-widget elementor-widget-heading\" data-id=\"e890b1b\" data-element_type=\"widget\" data-e-type=\"widget\" data-widget_type=\"heading.default\">\n\t\t\t\t\t<h3 class=\"elementor-heading-title elementor-size-default\">Tussen rijstvelden, legendarische baaien en levendige cultuur met het gezin!<\/h3>\t\t\t\t<\/div>\n\t\t\t\t<div class=\"elementor-element elementor-element-44fb990 elementor-align-center elementor-widget elementor-widget-button\" data-id=\"44fb990\" data-element_type=\"widget\" data-e-type=\"widget\" data-widget_type=\"button.default\">\n\t\t\t\t\t\t\t\t\t\t<a class=\"elementor-button elementor-button-link elementor-size-sm\" href=\"https:\/\/www.imaginetravel.be\/nl\/reisformules.asp?id=0&amp;name=reizen-met-kinderen&amp;lang=nl\" target=\"_blank\">\n\t\t\t\t\t\t<span class=\"elementor-button-content-wrapper\">\n\t\t\t\t\t\t\t\t\t<span class=\"elementor-button-text\">Ontdek gedetailleerde info betreffende alle programma\u2019s <\/span>\n\t\t\t\t\t<\/span>\n\t\t\t\t\t<\/a>\n\t\t\t\t\t\t\t\t<\/div>\n\t\t\t\t<\/div>\n\t\t\t\t<\/div>\n\t\t\t\t\t<\/div>\n\t\t\t\t<\/div>\n\t\t<div class=\"elementor-element elementor-element-57834a3 e-flex e-con-boxed e-con e-parent\" data-id=\"57834a3\" data-element_type=\"container\" data-e-type=\"container\">\n\t\t\t\t\t<div class=\"e-con-inner\">\n\t\t<div class=\"elementor-element elementor-element-205e689 e-con-full e-flex e-con e-child\" data-id=\"205e689\" data-element_type=\"container\" data-e-type=\"container\">\n\t\t\t\t<div class=\"elementor-element elementor-element-a29a41a elementor-widget elementor-widget-spacer\" data-id=\"a29a41a\" data-element_type=\"widget\" data-e-type=\"widget\" data-widget_type=\"spacer.default\">\n\t\t\t\t\t\t\t<div class=\"elementor-spacer\">\n\t\t\t<div class=\"elementor-spacer-inner\"><\/div>\n\t\t<\/div>\n\t\t\t\t\t\t<\/div>\n\t\t\t\t<div class=\"elementor-element elementor-element-219d514 elementor-widget elementor-widget-heading\" data-id=\"219d514\" data-element_type=\"widget\" data-e-type=\"widget\" data-widget_type=\"heading.default\">\n\t\t\t\t\t<h2 class=\"elementor-heading-title elementor-size-default\">Gezinsreizen georganiseerd door:<\/h2>\t\t\t\t<\/div>\n\t\t\t\t<\/div>\n\t\t<div class=\"elementor-element elementor-element-37ac036 e-con-full e-flex e-con e-child\" data-id=\"37ac036\" data-element_type=\"container\" data-e-type=\"container\">\n\t\t\t\t<div class=\"elementor-element elementor-element-7797bcc animated-slow elementor-invisible elementor-widget elementor-widget-image\" data-id=\"7797bcc\" data-element_type=\"widget\" data-e-type=\"widget\" data-settings=\"{&quot;_animation&quot;:&quot;zoomIn&quot;}\" data-widget_type=\"image.default\">\n\t\t\t\t\t\t\t\t\t\t\t\t\t\t\t<img decoding=\"async\" src=\"https:\/\/www.4kidstravel.be\/wp-content\/uploads\/elementor\/thumbs\/LOGO-IMAGINE-scaled-rcwnkl52bum1loiv59t2g4e8i1fevyr2mrsvp5apgc.jpg\" title=\"LOGO IMAGINE\" alt=\"Imagine Travel Logo\" loading=\"lazy\" \/>\t\t\t\t\t\t\t\t\t\t\t\t\t\t\t<\/div>\n\t\t\t\t<\/div>\n\t\t\t\t\t<\/div>\n\t\t\t\t<\/div>\n\t\t<div class=\"elementor-element elementor-element-8e9a7b4 e-flex e-con-boxed e-con e-parent\" data-id=\"8e9a7b4\" data-element_type=\"container\" data-e-type=\"container\">\n\t\t\t\t\t<div class=\"e-con-inner\">\n\t\t\t\t<div class=\"elementor-element elementor-element-5d71818 elementor-align-center elementor-widget elementor-widget-button\" data-id=\"5d71818\" data-element_type=\"widget\" data-e-type=\"widget\" data-widget_type=\"button.default\">\n\t\t\t\t\t\t\t\t\t\t<a class=\"elementor-button elementor-button-link elementor-size-sm\" href=\"https:\/\/www.imaginetravel.be\/nl\/reisformules.asp?id=0&amp;name=reizen-met-kinderen&amp;lang=nl\" target=\"_blank\">\n\t\t\t\t\t\t<span class=\"elementor-button-content-wrapper\">\n\t\t\t\t\t\t\t\t\t<span class=\"elementor-button-text\">Ontdek gedetailleerde info betreffende alle programma\u2019s <\/span>\n\t\t\t\t\t<\/span>\n\t\t\t\t\t<\/a>\n\t\t\t\t\t\t\t\t<\/div>\n\t\t\t\t\t<\/div>\n\t\t\t\t<\/div>\n\t\t\t\t<\/div>","protected":false},"excerpt":{"rendered":"<p>Asie Vacances en famille Inde &#8211; Sri-Lanka &#8211; Tha\u00eflande &#8211; Vietnam Partez \u00e0 la d\u00e9couverte de l&rsquo;Asie avec 4kidstravel.be, un continent fascinant o\u00f9 chaque pays est une invitation \u00e0 l&rsquo;aventure familiale ! Plongez dans les couleurs et saveurs de l&rsquo;Inde, explorez les temples anciens et plages de r\u00eave du Sri Lanka. Laissez-vous s\u00e9duire par la [&hellip;]<\/p>\n","protected":false},"author":1,"featured_media":0,"parent":0,"menu_order":0,"comment_status":"closed","ping_status":"closed","template":"elementor_header_footer","meta":{"footnotes":""},"class_list":["post-496","page","type-page","status-publish","hentry"],"_links":{"self":[{"href":"https:\/\/www.4kidstravel.be\/nl\/wp-json\/wp\/v2\/pages\/496","targetHints":{"allow":["GET"]}}],"collection":[{"href":"https:\/\/www.4kidstravel.be\/nl\/wp-json\/wp\/v2\/pages"}],"about":[{"href":"https:\/\/www.4kidstravel.be\/nl\/wp-json\/wp\/v2\/types\/page"}],"author":[{"embeddable":true,"href":"https:\/\/www.4kidstravel.be\/nl\/wp-json\/wp\/v2\/users\/1"}],"replies":[{"embeddable":true,"href":"https:\/\/www.4kidstravel.be\/nl\/wp-json\/wp\/v2\/comments?post=496"}],"version-history":[{"count":64,"href":"https:\/\/www.4kidstravel.be\/nl\/wp-json\/wp\/v2\/pages\/496\/revisions"}],"predecessor-version":[{"id":1267,"href":"https:\/\/www.4kidstravel.be\/nl\/wp-json\/wp\/v2\/pages\/496\/revisions\/1267"}],"wp:attachment":[{"href":"https:\/\/www.4kidstravel.be\/nl\/wp-json\/wp\/v2\/media?parent=496"}],"curies":[{"name":"wp","href":"https:\/\/api.w.org\/{rel}","templated":true}]}}