{"id":528,"date":"2025-11-10T14:17:25","date_gmt":"2025-11-10T14:17:25","guid":{"rendered":"https:\/\/www.4kidstravel.be\/?page_id=528"},"modified":"2025-12-05T15:52:21","modified_gmt":"2025-12-05T15:52:21","slug":"caribisch-gebied","status":"publish","type":"page","link":"https:\/\/www.4kidstravel.be\/nl\/caraibes\/","title":{"rendered":"Caribisch gebied"},"content":{"rendered":"<div data-elementor-type=\"wp-page\" data-elementor-id=\"528\" class=\"elementor elementor-528\" data-elementor-post-type=\"page\">\n\t\t\t\t<div class=\"elementor-element elementor-element-31d986e4 e-flex e-con-boxed e-con e-parent\" data-id=\"31d986e4\" data-element_type=\"container\" data-e-type=\"container\" data-settings=\"{&quot;background_background&quot;:&quot;classic&quot;}\">\n\t\t\t\t\t<div class=\"e-con-inner\">\n\t\t\t\t<div class=\"elementor-element elementor-element-4e26e476 elementor-widget elementor-widget-spacer\" data-id=\"4e26e476\" data-element_type=\"widget\" data-e-type=\"widget\" data-widget_type=\"spacer.default\">\n\t\t\t\t\t\t\t<div class=\"elementor-spacer\">\n\t\t\t<div class=\"elementor-spacer-inner\"><\/div>\n\t\t<\/div>\n\t\t\t\t\t\t<\/div>\n\t\t<div class=\"elementor-element elementor-element-db4f03e e-con-full e-flex e-con e-child\" data-id=\"db4f03e\" data-element_type=\"container\" data-e-type=\"container\" data-settings=\"{&quot;background_background&quot;:&quot;classic&quot;}\">\n\t\t\t\t<div class=\"elementor-element elementor-element-24f3b4d0 elementor-widget elementor-widget-heading\" data-id=\"24f3b4d0\" data-element_type=\"widget\" data-e-type=\"widget\" data-widget_type=\"heading.default\">\n\t\t\t\t\t<h1 class=\"elementor-heading-title elementor-size-default\">Caribisch gebied<\/h1>\t\t\t\t<\/div>\n\t\t\t\t<div class=\"elementor-element elementor-element-3edab035 elementor-widget elementor-widget-heading\" data-id=\"3edab035\" data-element_type=\"widget\" data-e-type=\"widget\" data-widget_type=\"heading.default\">\n\t\t\t\t\t<h1 class=\"elementor-heading-title elementor-size-default\">Gezinsvakanties<\/h1>\t\t\t\t<\/div>\n\t\t\t\t<div class=\"elementor-element elementor-element-42b6a225 elementor-widget elementor-widget-heading\" data-id=\"42b6a225\" data-element_type=\"widget\" data-e-type=\"widget\" data-widget_type=\"heading.default\">\n\t\t\t\t\t<h1 class=\"elementor-heading-title elementor-size-default\">Cuba - Guadeloupe - Martinique - Dominicaanse Republiek\n<\/h1>\t\t\t\t<\/div>\n\t\t\t\t<\/div>\n\t\t\t\t\t<\/div>\n\t\t\t\t<\/div>\n\t\t<div class=\"elementor-element elementor-element-1b5f84 animated-slow e-flex e-con-boxed elementor-invisible e-con e-parent\" data-id=\"1b5f84\" data-element_type=\"container\" data-e-type=\"container\" data-settings=\"{&quot;animation&quot;:&quot;slideInDown&quot;}\">\n\t\t\t\t\t<div class=\"e-con-inner\">\n\t\t<div class=\"elementor-element elementor-element-30fb6984 e-con-full e-flex e-con e-child\" data-id=\"30fb6984\" data-element_type=\"container\" data-e-type=\"container\" data-settings=\"{&quot;background_background&quot;:&quot;classic&quot;}\">\n\t\t\t\t<div class=\"elementor-element elementor-element-51328327 elementor-widget elementor-widget-text-editor\" data-id=\"51328327\" data-element_type=\"widget\" data-e-type=\"widget\" data-widget_type=\"text-editor.default\">\n\t\t\t\t\t\t\t\t\t<p>Ontsnap naar het Caribisch gebied met 4kidstravel.be, een paradijselijke archipel ideaal voor een gezinsvakantie! Ontdek de tijdloze charme van Cuba met zijn oldtimers en aanstekelijke ritmes. Geniet van de weelderige natuur, Vulkanen en prachtige stranden van Guadeloupe en Martinique. Of laat u verleiden door de eindeloze stranden en feestelijke sfeer van de Dominicaanse Republiek. Het Caribisch gebied, dat is de belofte van ontspanning, onderwaterontdekkingen en vrolijke momenten onder de zon voor het hele gezin!<\/p>\t\t\t\t\t\t\t\t<\/div>\n\t\t\t\t<\/div>\n\t\t\t\t\t<\/div>\n\t\t\t\t<\/div>\n\t\t<div class=\"elementor-element elementor-element-74f4719f e-flex e-con-boxed e-con e-parent\" data-id=\"74f4719f\" data-element_type=\"container\" data-e-type=\"container\">\n\t\t\t\t\t<div class=\"e-con-inner\">\n\t\t\t\t<div class=\"elementor-element elementor-element-5590b3f elementor-widget elementor-widget-heading\" data-id=\"5590b3f\" data-element_type=\"widget\" data-e-type=\"widget\" data-widget_type=\"heading.default\">\n\t\t\t\t\t<h2 class=\"elementor-heading-title elementor-size-default\">Het Caribisch gebied met het gezin: Zon, droomstranden en tropische avonturen!<\/h2>\t\t\t\t<\/div>\n\t\t\t\t\t<\/div>\n\t\t\t\t<\/div>\n\t\t<div class=\"elementor-element elementor-element-22c2094d elementor-hidden-tablet elementor-hidden-mobile e-flex e-con-boxed e-con e-parent\" data-id=\"22c2094d\" data-element_type=\"container\" data-e-type=\"container\">\n\t\t\t\t\t<div class=\"e-con-inner\">\n\t\t<div class=\"elementor-element elementor-element-1ba08737 e-con-full e-flex e-con e-child\" data-id=\"1ba08737\" data-element_type=\"container\" data-e-type=\"container\">\n\t\t\t\t<div class=\"elementor-element elementor-element-384119fd elementor-widget elementor-widget-image\" data-id=\"384119fd\" data-element_type=\"widget\" data-e-type=\"widget\" data-widget_type=\"image.default\">\n\t\t\t\t\t\t\t\t\t\t\t\t\t\t\t<img decoding=\"async\" src=\"https:\/\/www.4kidstravel.be\/wp-content\/uploads\/elementor\/thumbs\/Cuba-la-havana-02-e1763470517891-revzqsefmrmd7t7ezxwqqowag3j1spcufj585qzgsk.jpg\" title=\"Cuba la Havana\" alt=\"Cuba la Havana\" loading=\"lazy\" \/>\t\t\t\t\t\t\t\t\t\t\t\t\t\t\t<\/div>\n\t\t\t\t<\/div>\n\t\t<div class=\"elementor-element elementor-element-284e090d e-con-full e-flex e-con e-child\" data-id=\"284e090d\" data-element_type=\"container\" data-e-type=\"container\">\n\t\t\t\t<div class=\"elementor-element elementor-element-b8f7c2e elementor-widget elementor-widget-image\" data-id=\"b8f7c2e\" data-element_type=\"widget\" data-e-type=\"widget\" data-widget_type=\"image.default\">\n\t\t\t\t\t\t\t\t\t\t\t\t\t\t\t<img decoding=\"async\" src=\"https:\/\/www.4kidstravel.be\/wp-content\/uploads\/elementor\/thumbs\/Guadeloupe-02-e1763470464284-revzpekzkjq64h7s2udikjguyoclgqv2kokhq31byc.jpg\" title=\"Guadeloupe\" alt=\"Guadeloupe voyages en famille\" loading=\"lazy\" \/>\t\t\t\t\t\t\t\t\t\t\t\t\t\t\t<\/div>\n\t\t\t\t<\/div>\n\t\t<div class=\"elementor-element elementor-element-36939573 e-con-full e-flex e-con e-child\" data-id=\"36939573\" data-element_type=\"container\" data-e-type=\"container\">\n\t\t\t\t<div class=\"elementor-element elementor-element-2adfdbcf elementor-widget elementor-widget-image\" data-id=\"2adfdbcf\" data-element_type=\"widget\" data-e-type=\"widget\" data-widget_type=\"image.default\">\n\t\t\t\t\t\t\t\t\t\t\t\t\t\t\t<img decoding=\"async\" src=\"Martinique\" title=\"Martinique\" alt=\"Martinique\" loading=\"lazy\" \/>\t\t\t\t\t\t\t\t\t\t\t\t\t\t\t<\/div>\n\t\t\t\t<\/div>\n\t\t<div class=\"elementor-element elementor-element-16b40434 e-con-full e-flex e-con e-child\" data-id=\"16b40434\" data-element_type=\"container\" data-e-type=\"container\">\n\t\t\t\t<div class=\"elementor-element elementor-element-667e11bf elementor-widget elementor-widget-image\" data-id=\"667e11bf\" data-element_type=\"widget\" data-e-type=\"widget\" data-widget_type=\"image.default\">\n\t\t\t\t\t\t\t\t\t\t\t\t\t\t\t<img decoding=\"async\" src=\"Repulbique dominicaine\" title=\"Republica Dominicana\" alt=\"R\u00e9publique dominicaine voyages en famille\" loading=\"lazy\" \/>\t\t\t\t\t\t\t\t\t\t\t\t\t\t\t<\/div>\n\t\t\t\t<\/div>\n\t\t\t\t\t<\/div>\n\t\t\t\t<\/div>\n\t\t<div class=\"elementor-element elementor-element-a7d46eb e-flex e-con-boxed e-con e-parent\" data-id=\"a7d46eb\" data-element_type=\"container\" data-e-type=\"container\">\n\t\t\t\t\t<div class=\"e-con-inner\">\n\t\t<div class=\"elementor-element elementor-element-05cb534 e-con-full elementor-hidden-mobile e-flex e-con e-child\" data-id=\"05cb534\" data-element_type=\"container\" data-e-type=\"container\">\n\t\t\t\t<\/div>\n\t\t<div class=\"elementor-element elementor-element-16e93d6 e-con-full e-flex e-con e-child\" data-id=\"16e93d6\" data-element_type=\"container\" data-e-type=\"container\">\n\t\t\t\t<div class=\"elementor-element elementor-element-4034e7a animated-slow elementor-invisible elementor-widget elementor-widget-image\" data-id=\"4034e7a\" data-element_type=\"widget\" data-e-type=\"widget\" data-settings=\"{&quot;_animation&quot;:&quot;zoomIn&quot;}\" data-widget_type=\"image.default\">\n\t\t\t\t\t\t\t\t\t\t\t\t\t\t\t<img decoding=\"async\" src=\"https:\/\/www.4kidstravel.be\/wp-content\/uploads\/elementor\/thumbs\/LOGO-CARIBIANA-TOURS-scaled-rcwnlv75mqd3eknyobpscartlx4ed4tx53ro7peezg.jpg\" title=\"LOGO CARIBIANA TOURS\" alt=\"Caribiana Tours Logo\" loading=\"lazy\" \/>\t\t\t\t\t\t\t\t\t\t\t\t\t\t\t<\/div>\n\t\t\t\t<\/div>\n\t\t<div class=\"elementor-element elementor-element-ee9da14 e-con-full elementor-hidden-mobile e-flex e-con e-child\" data-id=\"ee9da14\" data-element_type=\"container\" data-e-type=\"container\">\n\t\t\t\t<\/div>\n\t\t\t\t\t<\/div>\n\t\t\t\t<\/div>\n\t\t<div class=\"elementor-element elementor-element-7479f66b e-flex e-con-boxed e-con e-parent\" data-id=\"7479f66b\" data-element_type=\"container\" data-e-type=\"container\" data-settings=\"{&quot;background_background&quot;:&quot;classic&quot;}\">\n\t\t\t\t\t<div class=\"e-con-inner\">\n\t\t<div class=\"elementor-element elementor-element-e343f00 e-con-full e-flex e-con e-child\" data-id=\"e343f00\" data-element_type=\"container\" data-e-type=\"container\" data-settings=\"{&quot;background_background&quot;:&quot;classic&quot;}\">\n\t\t\t\t<div class=\"elementor-element elementor-element-d6001ff elementor-widget elementor-widget-spacer\" data-id=\"d6001ff\" data-element_type=\"widget\" data-e-type=\"widget\" data-widget_type=\"spacer.default\">\n\t\t\t\t\t\t\t<div class=\"elementor-spacer\">\n\t\t\t<div class=\"elementor-spacer-inner\"><\/div>\n\t\t<\/div>\n\t\t\t\t\t\t<\/div>\n\t\t\t\t<div class=\"elementor-element elementor-element-9235314 elementor-widget elementor-widget-heading\" data-id=\"9235314\" data-element_type=\"widget\" data-e-type=\"widget\" data-widget_type=\"heading.default\">\n\t\t\t\t\t<h2 class=\"elementor-heading-title elementor-size-default\">Cuba<\/h2>\t\t\t\t<\/div>\n\t\t\t\t<div class=\"elementor-element elementor-element-28f666d elementor-widget elementor-widget-heading\" data-id=\"28f666d\" data-element_type=\"widget\" data-e-type=\"widget\" data-widget_type=\"heading.default\">\n\t\t\t\t\t<h3 class=\"elementor-heading-title elementor-size-default\">Reis terug in de tijd en ontmoet de gastvrije locals en de zwoele Cubaanse muziek voor het hele gezin! <\/h3>\t\t\t\t<\/div>\n\t\t\t\t<div class=\"elementor-element elementor-element-a51a04b elementor-align-center elementor-widget elementor-widget-button\" data-id=\"a51a04b\" data-element_type=\"widget\" data-e-type=\"widget\" data-widget_type=\"button.default\">\n\t\t\t\t\t\t\t\t\t\t<a class=\"elementor-button elementor-button-link elementor-size-sm\" href=\"https:\/\/www.sudamericatours.be\/voyages\/4Kids-c28885002\" target=\"_blank\">\n\t\t\t\t\t\t<span class=\"elementor-button-content-wrapper\">\n\t\t\t\t\t\t\t\t\t<span class=\"elementor-button-text\">Ontdek gedetailleerde info betreffende alle programma\u2019s <\/span>\n\t\t\t\t\t<\/span>\n\t\t\t\t\t<\/a>\n\t\t\t\t\t\t\t\t<\/div>\n\t\t\t\t<\/div>\n\t\t\t\t\t<\/div>\n\t\t\t\t<\/div>\n\t\t<div class=\"elementor-element elementor-element-38ed0f3 e-flex e-con-boxed e-con e-parent\" data-id=\"38ed0f3\" data-element_type=\"container\" data-e-type=\"container\">\n\t\t\t\t\t<div class=\"e-con-inner\">\n\t\t<div class=\"elementor-element elementor-element-5428cdb e-con-full e-flex e-con e-child\" data-id=\"5428cdb\" data-element_type=\"container\" data-e-type=\"container\" data-settings=\"{&quot;background_background&quot;:&quot;classic&quot;}\">\n\t\t\t\t<div class=\"elementor-element elementor-element-f1e8f4b elementor-widget elementor-widget-spacer\" data-id=\"f1e8f4b\" data-element_type=\"widget\" data-e-type=\"widget\" data-widget_type=\"spacer.default\">\n\t\t\t\t\t\t\t<div class=\"elementor-spacer\">\n\t\t\t<div class=\"elementor-spacer-inner\"><\/div>\n\t\t<\/div>\n\t\t\t\t\t\t<\/div>\n\t\t\t\t<div class=\"elementor-element elementor-element-77df5fa elementor-widget elementor-widget-heading\" data-id=\"77df5fa\" data-element_type=\"widget\" data-e-type=\"widget\" data-widget_type=\"heading.default\">\n\t\t\t\t\t<h2 class=\"elementor-heading-title elementor-size-default\">Guadeloupe<\/h2>\t\t\t\t<\/div>\n\t\t\t\t<div class=\"elementor-element elementor-element-c082aa8 elementor-widget elementor-widget-heading\" data-id=\"c082aa8\" data-element_type=\"widget\" data-e-type=\"widget\" data-widget_type=\"heading.default\">\n\t\t\t\t\t<h3 class=\"elementor-heading-title elementor-size-default\">Het vlindereiland, ofwel 6 eilandjes tussen vulkaan en blauwe lagunes met het gezin!<\/h3>\t\t\t\t<\/div>\n\t\t\t\t<div class=\"elementor-element elementor-element-3a72a9c elementor-align-center elementor-widget elementor-widget-button\" data-id=\"3a72a9c\" data-element_type=\"widget\" data-e-type=\"widget\" data-widget_type=\"button.default\">\n\t\t\t\t\t\t\t\t\t\t<a class=\"elementor-button elementor-button-link elementor-size-sm\" href=\"https:\/\/www.sudamericatours.be\/voyages\/4Kids-c28885002\" target=\"_blank\">\n\t\t\t\t\t\t<span class=\"elementor-button-content-wrapper\">\n\t\t\t\t\t\t\t\t\t<span class=\"elementor-button-text\">Ontdek gedetailleerde info betreffende alle programma\u2019s <\/span>\n\t\t\t\t\t<\/span>\n\t\t\t\t\t<\/a>\n\t\t\t\t\t\t\t\t<\/div>\n\t\t\t\t<\/div>\n\t\t\t\t\t<\/div>\n\t\t\t\t<\/div>\n\t\t<div class=\"elementor-element elementor-element-5841e8fb e-flex e-con-boxed e-con e-parent\" data-id=\"5841e8fb\" data-element_type=\"container\" data-e-type=\"container\" data-settings=\"{&quot;background_background&quot;:&quot;classic&quot;}\">\n\t\t\t\t\t<div class=\"e-con-inner\">\n\t\t<div class=\"elementor-element elementor-element-1fb3f0e e-con-full e-flex e-con e-child\" data-id=\"1fb3f0e\" data-element_type=\"container\" data-e-type=\"container\" data-settings=\"{&quot;background_background&quot;:&quot;classic&quot;}\">\n\t\t\t\t<div class=\"elementor-element elementor-element-1b2a235 elementor-widget elementor-widget-spacer\" data-id=\"1b2a235\" data-element_type=\"widget\" data-e-type=\"widget\" data-widget_type=\"spacer.default\">\n\t\t\t\t\t\t\t<div class=\"elementor-spacer\">\n\t\t\t<div class=\"elementor-spacer-inner\"><\/div>\n\t\t<\/div>\n\t\t\t\t\t\t<\/div>\n\t\t\t\t<div class=\"elementor-element elementor-element-58664cb elementor-widget elementor-widget-heading\" data-id=\"58664cb\" data-element_type=\"widget\" data-e-type=\"widget\" data-widget_type=\"heading.default\">\n\t\t\t\t\t<h2 class=\"elementor-heading-title elementor-size-default\">Martinique<\/h2>\t\t\t\t<\/div>\n\t\t\t\t<div class=\"elementor-element elementor-element-194b3eb elementor-widget elementor-widget-heading\" data-id=\"194b3eb\" data-element_type=\"widget\" data-e-type=\"widget\" data-widget_type=\"heading.default\">\n\t\t\t\t\t<h3 class=\"elementor-heading-title elementor-size-default\">Het bloemeneiland, exotische stranden en creoolse bevolking met het gezin!<\/h3>\t\t\t\t<\/div>\n\t\t\t\t<div class=\"elementor-element elementor-element-998f9ad elementor-align-center elementor-widget elementor-widget-button\" data-id=\"998f9ad\" data-element_type=\"widget\" data-e-type=\"widget\" data-widget_type=\"button.default\">\n\t\t\t\t\t\t\t\t\t\t<a class=\"elementor-button elementor-button-link elementor-size-sm\" href=\"https:\/\/www.sudamericatours.be\/voyages\/4Kids-c28885002\" target=\"_blank\">\n\t\t\t\t\t\t<span class=\"elementor-button-content-wrapper\">\n\t\t\t\t\t\t\t\t\t<span class=\"elementor-button-text\">Ontdek gedetailleerde info betreffende alle programma\u2019s <\/span>\n\t\t\t\t\t<\/span>\n\t\t\t\t\t<\/a>\n\t\t\t\t\t\t\t\t<\/div>\n\t\t\t\t<\/div>\n\t\t\t\t\t<\/div>\n\t\t\t\t<\/div>\n\t\t<div class=\"elementor-element elementor-element-4714a0af e-flex e-con-boxed e-con e-parent\" data-id=\"4714a0af\" data-element_type=\"container\" data-e-type=\"container\">\n\t\t\t\t\t<div class=\"e-con-inner\">\n\t\t<div class=\"elementor-element elementor-element-17fb7ba e-con-full e-flex e-con e-child\" data-id=\"17fb7ba\" data-element_type=\"container\" data-e-type=\"container\" data-settings=\"{&quot;background_background&quot;:&quot;classic&quot;}\">\n\t\t\t\t<div class=\"elementor-element elementor-element-a04fd0f elementor-widget elementor-widget-spacer\" data-id=\"a04fd0f\" data-element_type=\"widget\" data-e-type=\"widget\" data-widget_type=\"spacer.default\">\n\t\t\t\t\t\t\t<div class=\"elementor-spacer\">\n\t\t\t<div class=\"elementor-spacer-inner\"><\/div>\n\t\t<\/div>\n\t\t\t\t\t\t<\/div>\n\t\t\t\t<div class=\"elementor-element elementor-element-1576b14 elementor-widget elementor-widget-heading\" data-id=\"1576b14\" data-element_type=\"widget\" data-e-type=\"widget\" data-widget_type=\"heading.default\">\n\t\t\t\t\t<h2 class=\"elementor-heading-title elementor-size-default\">Dominicaanse Republiek<\/h2>\t\t\t\t<\/div>\n\t\t\t\t<div class=\"elementor-element elementor-element-1fe9ef5 elementor-widget elementor-widget-heading\" data-id=\"1fe9ef5\" data-element_type=\"widget\" data-e-type=\"widget\" data-widget_type=\"heading.default\">\n\t\t\t\t\t<h3 class=\"elementor-heading-title elementor-size-default\">Droomstranden en tropische avonturen voor het hele gezin!<\/h3>\t\t\t\t<\/div>\n\t\t\t\t<div class=\"elementor-element elementor-element-494fc93 elementor-align-center elementor-widget elementor-widget-button\" data-id=\"494fc93\" data-element_type=\"widget\" data-e-type=\"widget\" data-widget_type=\"button.default\">\n\t\t\t\t\t\t\t\t\t\t<a class=\"elementor-button elementor-button-link elementor-size-sm\" href=\"https:\/\/www.sudamericatours.be\/voyages\/4Kids-c28885002\" target=\"_blank\">\n\t\t\t\t\t\t<span class=\"elementor-button-content-wrapper\">\n\t\t\t\t\t\t\t\t\t<span class=\"elementor-button-text\">Ontdek gedetailleerde info betreffende alle programma\u2019s <\/span>\n\t\t\t\t\t<\/span>\n\t\t\t\t\t<\/a>\n\t\t\t\t\t\t\t\t<\/div>\n\t\t\t\t<\/div>\n\t\t\t\t\t<\/div>\n\t\t\t\t<\/div>\n\t\t<div class=\"elementor-element elementor-element-2a0dfb3 e-flex e-con-boxed e-con e-parent\" data-id=\"2a0dfb3\" data-element_type=\"container\" data-e-type=\"container\">\n\t\t\t\t\t<div class=\"e-con-inner\">\n\t\t<div class=\"elementor-element elementor-element-8e46f44 e-con-full e-flex e-con e-child\" data-id=\"8e46f44\" data-element_type=\"container\" data-e-type=\"container\">\n\t\t\t\t<div class=\"elementor-element elementor-element-bf50763 elementor-widget elementor-widget-spacer\" data-id=\"bf50763\" data-element_type=\"widget\" data-e-type=\"widget\" data-widget_type=\"spacer.default\">\n\t\t\t\t\t\t\t<div class=\"elementor-spacer\">\n\t\t\t<div class=\"elementor-spacer-inner\"><\/div>\n\t\t<\/div>\n\t\t\t\t\t\t<\/div>\n\t\t\t\t<div class=\"elementor-element elementor-element-a53be92 elementor-widget elementor-widget-heading\" data-id=\"a53be92\" data-element_type=\"widget\" data-e-type=\"widget\" data-widget_type=\"heading.default\">\n\t\t\t\t\t<h2 class=\"elementor-heading-title elementor-size-default\">Gezinsreizen georganiseerd door:<\/h2>\t\t\t\t<\/div>\n\t\t\t\t<\/div>\n\t\t<div class=\"elementor-element elementor-element-88dab72 e-con-full e-flex e-con e-child\" data-id=\"88dab72\" data-element_type=\"container\" data-e-type=\"container\">\n\t\t\t\t<div class=\"elementor-element elementor-element-22a68681 animated-slow elementor-invisible elementor-widget elementor-widget-image\" data-id=\"22a68681\" data-element_type=\"widget\" data-e-type=\"widget\" data-settings=\"{&quot;_animation&quot;:&quot;zoomIn&quot;}\" data-widget_type=\"image.default\">\n\t\t\t\t\t\t\t\t\t\t\t\t\t\t\t<img decoding=\"async\" src=\"https:\/\/www.4kidstravel.be\/wp-content\/uploads\/elementor\/thumbs\/LOGO-CARIBIANA-TOURS-scaled-rcwnlv75mqd3eknyobpscartlx4ed4tx53ro7peezg.jpg\" title=\"LOGO CARIBIANA TOURS\" alt=\"Caribiana Tours Logo\" loading=\"lazy\" \/>\t\t\t\t\t\t\t\t\t\t\t\t\t\t\t<\/div>\n\t\t\t\t<\/div>\n\t\t\t\t\t<\/div>\n\t\t\t\t<\/div>\n\t\t<div class=\"elementor-element elementor-element-d68784b e-flex e-con-boxed e-con e-parent\" data-id=\"d68784b\" data-element_type=\"container\" data-e-type=\"container\">\n\t\t\t\t\t<div class=\"e-con-inner\">\n\t\t<div class=\"elementor-element elementor-element-845eb70 e-con-full e-flex e-con e-child\" data-id=\"845eb70\" data-element_type=\"container\" data-e-type=\"container\">\n\t\t\t\t<div class=\"elementor-element elementor-element-569558dd elementor-align-center elementor-widget elementor-widget-button\" data-id=\"569558dd\" data-element_type=\"widget\" data-e-type=\"widget\" data-widget_type=\"button.default\">\n\t\t\t\t\t\t\t\t\t\t<a class=\"elementor-button elementor-button-link elementor-size-sm\" href=\"https:\/\/www.sudamericatours.be\/voyages\/4Kids-c28885002\" target=\"_blank\">\n\t\t\t\t\t\t<span class=\"elementor-button-content-wrapper\">\n\t\t\t\t\t\t\t\t\t<span class=\"elementor-button-text\">Ontdek gedetailleerde info betreffende alle programma\u2019s <\/span>\n\t\t\t\t\t<\/span>\n\t\t\t\t\t<\/a>\n\t\t\t\t\t\t\t\t<\/div>\n\t\t\t\t<\/div>\n\t\t\t\t\t<\/div>\n\t\t\t\t<\/div>\n\t\t\t\t<\/div>","protected":false},"excerpt":{"rendered":"<p>Cara\u00efbes Vacances en famille Cuba &#8211; Guadeloupe &#8211; Martinique &#8211; R\u00e9publique Dominicaine \u00c9vadez-vous aux Cara\u00efbes avec 4kidstravel.be, un archipel paradisiaque id\u00e9al pour des vacances en famille ! D\u00e9couvrez le charme intemporel de Cuba avec ses voitures anciennes et ses rythmes entra\u00eenants. Profitez de la nature luxuriante et des plages magnifiques de la Guadeloupe et de [&hellip;]<\/p>\n","protected":false},"author":1,"featured_media":0,"parent":0,"menu_order":0,"comment_status":"closed","ping_status":"closed","template":"elementor_header_footer","meta":{"footnotes":""},"class_list":["post-528","page","type-page","status-publish","hentry"],"_links":{"self":[{"href":"https:\/\/www.4kidstravel.be\/nl\/wp-json\/wp\/v2\/pages\/528","targetHints":{"allow":["GET"]}}],"collection":[{"href":"https:\/\/www.4kidstravel.be\/nl\/wp-json\/wp\/v2\/pages"}],"about":[{"href":"https:\/\/www.4kidstravel.be\/nl\/wp-json\/wp\/v2\/types\/page"}],"author":[{"embeddable":true,"href":"https:\/\/www.4kidstravel.be\/nl\/wp-json\/wp\/v2\/users\/1"}],"replies":[{"embeddable":true,"href":"https:\/\/www.4kidstravel.be\/nl\/wp-json\/wp\/v2\/comments?post=528"}],"version-history":[{"count":70,"href":"https:\/\/www.4kidstravel.be\/nl\/wp-json\/wp\/v2\/pages\/528\/revisions"}],"predecessor-version":[{"id":1273,"href":"https:\/\/www.4kidstravel.be\/nl\/wp-json\/wp\/v2\/pages\/528\/revisions\/1273"}],"wp:attachment":[{"href":"https:\/\/www.4kidstravel.be\/nl\/wp-json\/wp\/v2\/media?parent=528"}],"curies":[{"name":"wp","href":"https:\/\/api.w.org\/{rel}","templated":true}]}}